{"id":835,"date":"2022-06-09T17:18:39","date_gmt":"2022-06-09T17:18:39","guid":{"rendered":"https:\/\/startersites.io\/elementor\/persona\/?page_id=835"},"modified":"2025-05-14T15:55:27","modified_gmt":"2025-05-14T07:55:27","slug":"global-network","status":"publish","type":"page","link":"https:\/\/www.chinatoolingsolutions.com\/tr\/global-network\/","title":{"rendered":"K\u00fcresel A\u011f"},"content":{"rendered":"<div data-elementor-type=\"wp-page\" data-elementor-id=\"835\" class=\"elementor elementor-835\" data-elementor-post-type=\"page\">\n\t\t\t\t<div class=\"elementor-element elementor-element-a408810 e-flex e-con-boxed e-con e-parent\" data-id=\"a408810\" data-element_type=\"container\">\n\t\t\t\t\t<div class=\"e-con-inner\">\n\t\t\t\t<div class=\"elementor-element elementor-element-4a04d43 elementor-widget elementor-widget-image\" data-id=\"4a04d43\" data-element_type=\"widget\" data-widget_type=\"image.default\">\n\t\t\t\t<div class=\"elementor-widget-container\">\n\t\t\t\t\t\t\t\t\t\t\t\t\t\t\t<img alt=\"\" fetchpriority=\"high\" decoding=\"async\" width=\"1024\" height=\"576\" src=\"https:\/\/www.chinatoolingsolutions.com\/wp-content\/uploads\/2025\/05\/92-1024x576.png\" class=\"attachment-large size-large wp-image-2081\" srcset=\"https:\/\/www.chinatoolingsolutions.com\/wp-content\/uploads\/2025\/05\/92-1024x576.png 1024w, https:\/\/www.chinatoolingsolutions.com\/wp-content\/uploads\/2025\/05\/92-300x169.png 300w, https:\/\/www.chinatoolingsolutions.com\/wp-content\/uploads\/2025\/05\/92-768x432.png 768w, https:\/\/www.chinatoolingsolutions.com\/wp-content\/uploads\/2025\/05\/92-1536x864.png 1536w, https:\/\/www.chinatoolingsolutions.com\/wp-content\/uploads\/2025\/05\/92-18x10.png 18w, https:\/\/www.chinatoolingsolutions.com\/wp-content\/uploads\/2025\/05\/92.png 1920w\" sizes=\"(max-width: 1024px) 100vw, 1024px\" \/>\t\t\t\t\t\t\t\t\t\t\t\t\t\t\t<\/div>\n\t\t\t\t<\/div>\n\t\t\t\t<div class=\"elementor-element elementor-element-03651ff ct-advanced-heading elementor-widget elementor-widget-heading\" data-id=\"03651ff\" data-element_type=\"widget\" data-widget_type=\"heading.default\">\n\t\t\t\t<div class=\"elementor-widget-container\">\n\t\t\t\t\t<h2 class=\"elementor-heading-title elementor-size-default\">\u0130ttifak Avantaj\u0131<\/h2>\t\t\t\t<\/div>\n\t\t\t\t<\/div>\n\t\t\t\t<div class=\"elementor-element elementor-element-246a16c elementor-widget__width-initial elementor-widget elementor-widget-text-editor\" data-id=\"246a16c\" data-element_type=\"widget\" data-widget_type=\"text-editor.default\">\n\t\t\t\t<div class=\"elementor-widget-container\">\n\t\t\t\t\t\t\t\t\t<p>\u0130ttifak, k\u00fcresel pazar\u0131 daha iyi derinle\u015ftirmek amac\u0131yla Avrupa ve Amerika, Orta Do\u011fu ve Orta Asya, G\u00fcneydo\u011fu Asya ve G\u00fcney Amerika'da b\u00f6lgesel temsilcilikler kurmu\u015ftur. \u00dcye i\u015fletmelerin yerel pazarlar\u0131 ke\u015ffetmelerine yard\u0131mc\u0131 olmak, yerel otomobil end\u00fcstrisi ile derin kenetlenmeyi te\u015fvik etmek, yerel pazar e\u011filimlerini do\u011fru bir \u015fekilde kavramak ve \u00fcye i\u015fletmeler i\u00e7in proje y\u00f6netimi ve sat\u0131\u015f sonras\u0131 destek sa\u011flamak.<\/p>\t\t\t\t\t\t\t\t<\/div>\n\t\t\t\t<\/div>\n\t\t<div class=\"elementor-element elementor-element-b8353b7 e-con-full e-flex e-con e-child\" data-id=\"b8353b7\" data-element_type=\"container\">\n\t\t<div class=\"elementor-element elementor-element-4537024 e-con-full e-flex e-con e-child\" data-id=\"4537024\" data-element_type=\"container\">\n\t\t<div class=\"elementor-element elementor-element-4553efd e-con-full e-flex e-con e-child\" data-id=\"4553efd\" data-element_type=\"container\">\n\t\t\t\t<div class=\"elementor-element elementor-element-c740e5c elementor-widget elementor-widget-text-editor\" data-id=\"c740e5c\" data-element_type=\"widget\" data-widget_type=\"text-editor.default\">\n\t\t\t\t<div class=\"elementor-widget-container\">\n\t\t\t\t\t\t\t\t\t<p>Yerelle\u015ftirme teknik<br \/>dani\u015fma ve hizli yanit<\/p>\t\t\t\t\t\t\t\t<\/div>\n\t\t\t\t<\/div>\n\t\t\t\t<div class=\"elementor-element elementor-element-d8266ae elementor-widget-divider--view-line elementor-widget elementor-widget-divider\" data-id=\"d8266ae\" data-element_type=\"widget\" data-widget_type=\"divider.default\">\n\t\t\t\t<div class=\"elementor-widget-container\">\n\t\t\t\t\t\t\t<div class=\"elementor-divider\">\n\t\t\t<span class=\"elementor-divider-separator\">\n\t\t\t\t\t\t<\/span>\n\t\t<\/div>\n\t\t\t\t\t\t<\/div>\n\t\t\t\t<\/div>\n\t\t\t\t<div class=\"elementor-element elementor-element-899cb4a elementor-widget elementor-widget-text-editor\" data-id=\"899cb4a\" data-element_type=\"widget\" data-widget_type=\"text-editor.default\">\n\t\t\t\t<div class=\"elementor-widget-container\">\n\t\t\t\t\t\t\t\t\t<ul><li>Yerelle\u015ftirme teknik dan\u0131\u015fmanl\u0131\u011f\u0131, yerel profesyonel teknik ekibe g\u00fcvenerek, b\u00f6lgesel end\u00fcstriyel \u00f6zelliklere yak\u0131ndan uyarak, m\u00fc\u015fteriler i\u00e7in \u00f6zel olarak haz\u0131rlanm\u0131\u015f do\u011fru \u00c7\u00f6z\u00fcmler. <\/li><li>H\u0131zl\u0131 yan\u0131t mekanizmas\u0131 kapsam\u0131nda, m\u00fc\u015fterinin ihtiya\u00e7lar\u0131 veya sorunlar\u0131 ortaya \u00e7\u0131kt\u0131\u011f\u0131nda, kaynaklar h\u0131zl\u0131 bir \u015fekilde tahsis edilecek ve sorunlar\u0131 verimli bir \u015fekilde \u00e7\u00f6zmek i\u00e7in ilk anda olay yerine gideceklerdir.<\/li><\/ul>\t\t\t\t\t\t\t\t<\/div>\n\t\t\t\t<\/div>\n\t\t\t\t<\/div>\n\t\t<div class=\"elementor-element elementor-element-6443ff1 e-con-full e-flex e-con e-child\" data-id=\"6443ff1\" data-element_type=\"container\">\n\t\t\t\t<div class=\"elementor-element elementor-element-8c860ca elementor-widget elementor-widget-image\" data-id=\"8c860ca\" data-element_type=\"widget\" data-widget_type=\"image.default\">\n\t\t\t\t<div class=\"elementor-widget-container\">\n\t\t\t\t\t\t\t\t\t\t\t\t\t\t\t<img alt=\"\" decoding=\"async\" width=\"521\" height=\"721\" src=\"https:\/\/www.chinatoolingsolutions.com\/wp-content\/uploads\/2025\/04\/\u56fe\u72471-1.jpg\" class=\"attachment-large size-large wp-image-1640\" srcset=\"https:\/\/www.chinatoolingsolutions.com\/wp-content\/uploads\/2025\/04\/\u56fe\u72471-1.jpg 521w, https:\/\/www.chinatoolingsolutions.com\/wp-content\/uploads\/2025\/04\/\u56fe\u72471-1-217x300.jpg 217w\" sizes=\"(max-width: 521px) 100vw, 521px\" \/>\t\t\t\t\t\t\t\t\t\t\t\t\t\t\t<\/div>\n\t\t\t\t<\/div>\n\t\t\t\t<\/div>\n\t\t\t\t<\/div>\n\t\t<div class=\"elementor-element elementor-element-297a4f2 e-con-full e-flex e-con e-child\" data-id=\"297a4f2\" data-element_type=\"container\">\n\t\t<div class=\"elementor-element elementor-element-49a6659 e-con-full e-flex e-con e-child\" data-id=\"49a6659\" data-element_type=\"container\">\n\t\t\t\t<div class=\"elementor-element elementor-element-699b8c1 elementor-widget elementor-widget-text-editor\" data-id=\"699b8c1\" data-element_type=\"widget\" data-widget_type=\"text-editor.default\">\n\t\t\t\t<div class=\"elementor-widget-container\">\n\t\t\t\t\t\t\t\t\t<p>Sat\u0131\u015f sonras\u0131 bak\u0131m <br \/>Yedek par\u00e7a deste\u011fi<\/p>\t\t\t\t\t\t\t\t<\/div>\n\t\t\t\t<\/div>\n\t\t\t\t<div class=\"elementor-element elementor-element-200a1a0 elementor-widget-divider--view-line elementor-widget elementor-widget-divider\" data-id=\"200a1a0\" data-element_type=\"widget\" data-widget_type=\"divider.default\">\n\t\t\t\t<div class=\"elementor-widget-container\">\n\t\t\t\t\t\t\t<div class=\"elementor-divider\">\n\t\t\t<span class=\"elementor-divider-separator\">\n\t\t\t\t\t\t<\/span>\n\t\t<\/div>\n\t\t\t\t\t\t<\/div>\n\t\t\t\t<\/div>\n\t\t\t\t<div class=\"elementor-element elementor-element-68a8f04 elementor-widget elementor-widget-text-editor\" data-id=\"68a8f04\" data-element_type=\"widget\" data-widget_type=\"text-editor.default\">\n\t\t\t\t<div class=\"elementor-widget-container\">\n\t\t\t\t\t\t\t\t\t<ul><li>Sat\u0131\u015f sonras\u0131 bak\u0131m a\u00e7\u0131s\u0131ndan, her zaman m\u00fc\u015fteri deneyimine dikkat eden ve her t\u00fcrl\u00fc sat\u0131\u015f sonras\u0131 durumu zaman\u0131nda ele almay\u0131 taahh\u00fct eden profesyonel ve verimli bir sat\u0131\u015f sonras\u0131 ekibi olu\u015fturduk. <\/li><li>Yedek par\u00e7a deste\u011fi, eksiksiz bir sistem olu\u015fturmak, tedarik zinciri d\u00fczenini optimize etmek ve yedek par\u00e7a tedarikinin zaman\u0131nda ve istikrarl\u0131 olmas\u0131n\u0131 tam olarak garanti etmek. <\/li><\/ul>\t\t\t\t\t\t\t\t<\/div>\n\t\t\t\t<\/div>\n\t\t\t\t<\/div>\n\t\t<div class=\"elementor-element elementor-element-ed7eb34 e-con-full e-flex e-con e-child\" data-id=\"ed7eb34\" data-element_type=\"container\">\n\t\t\t\t<div class=\"elementor-element elementor-element-86505e0 elementor-widget elementor-widget-image\" data-id=\"86505e0\" data-element_type=\"widget\" data-widget_type=\"image.default\">\n\t\t\t\t<div class=\"elementor-widget-container\">\n\t\t\t\t\t\t\t\t\t\t\t\t\t\t\t<img alt=\"\" decoding=\"async\" width=\"521\" height=\"721\" src=\"https:\/\/www.chinatoolingsolutions.com\/wp-content\/uploads\/2025\/04\/\u56fe\u72472.jpg\" class=\"attachment-large size-large wp-image-1641\" srcset=\"https:\/\/www.chinatoolingsolutions.com\/wp-content\/uploads\/2025\/04\/\u56fe\u72472.jpg 521w, https:\/\/www.chinatoolingsolutions.com\/wp-content\/uploads\/2025\/04\/\u56fe\u72472-217x300.jpg 217w\" sizes=\"(max-width: 521px) 100vw, 521px\" \/>\t\t\t\t\t\t\t\t\t\t\t\t\t\t\t<\/div>\n\t\t\t\t<\/div>\n\t\t\t\t<\/div>\n\t\t\t\t<\/div>\n\t\t\t\t<\/div>\n\t\t\t\t\t<\/div>\n\t\t\t\t<\/div>\n\t\t\t\t<\/div>","protected":false},"excerpt":{"rendered":"<p>\u0130ttifak Avantaj\u0131 K\u00fcresel pazar\u0131 daha iyi derinle\u015ftirmek i\u00e7in ittifak, Avrupa ve Amerika, Orta Do\u011fu ve Orta Asya, G\u00fcneydo\u011fu Asya ve G\u00fcney Amerika'da b\u00f6lgesel temsilcilikler kurmu\u015ftur. \u00dcye i\u015fletmelerin yerel pazarlar\u0131 ke\u015ffetmelerine yard\u0131mc\u0131 olmak, yerel otomobil end\u00fcstrisi ile derin kenetlenmeyi te\u015fvik etmek, yerel pazar e\u011filimlerini do\u011fru bir \u015fekilde kavramak ve proje [...]<\/p>","protected":false},"author":1,"featured_media":0,"parent":0,"menu_order":0,"comment_status":"closed","ping_status":"closed","template":"","meta":{"_seopress_robots_primary_cat":"","_seopress_titles_title":"","_seopress_titles_desc":"","_seopress_robots_index":"","footnotes":""},"class_list":["post-835","page","type-page","status-publish","hentry"],"blocksy_meta":{"styles_descriptor":{"styles":{"desktop":"","tablet":"","mobile":""},"google_fonts":[],"version":6},"vertical_spacing_source":"custom","content_area_spacing":"top"},"_links":{"self":[{"href":"https:\/\/www.chinatoolingsolutions.com\/tr\/wp-json\/wp\/v2\/pages\/835","targetHints":{"allow":["GET"]}}],"collection":[{"href":"https:\/\/www.chinatoolingsolutions.com\/tr\/wp-json\/wp\/v2\/pages"}],"about":[{"href":"https:\/\/www.chinatoolingsolutions.com\/tr\/wp-json\/wp\/v2\/types\/page"}],"author":[{"embeddable":true,"href":"https:\/\/www.chinatoolingsolutions.com\/tr\/wp-json\/wp\/v2\/users\/1"}],"replies":[{"embeddable":true,"href":"https:\/\/www.chinatoolingsolutions.com\/tr\/wp-json\/wp\/v2\/comments?post=835"}],"version-history":[{"count":28,"href":"https:\/\/www.chinatoolingsolutions.com\/tr\/wp-json\/wp\/v2\/pages\/835\/revisions"}],"predecessor-version":[{"id":2136,"href":"https:\/\/www.chinatoolingsolutions.com\/tr\/wp-json\/wp\/v2\/pages\/835\/revisions\/2136"}],"wp:attachment":[{"href":"https:\/\/www.chinatoolingsolutions.com\/tr\/wp-json\/wp\/v2\/media?parent=835"}],"curies":[{"name":"wp","href":"https:\/\/api.w.org\/{rel}","templated":true}]}}