{"id":1598,"date":"2025-04-10T21:07:21","date_gmt":"2025-04-10T13:07:21","guid":{"rendered":"https:\/\/www.chinatoolingsolutions.com\/?page_id=1598"},"modified":"2025-04-12T14:28:06","modified_gmt":"2025-04-12T06:28:06","slug":"vision-mission","status":"publish","type":"page","link":"https:\/\/www.chinatoolingsolutions.com\/tr\/vision-mission\/","title":{"rendered":"Vizyon Misyon"},"content":{"rendered":"<div data-elementor-type=\"wp-page\" data-elementor-id=\"1598\" class=\"elementor elementor-1598\" data-elementor-post-type=\"page\">\n\t\t\t\t<div class=\"elementor-element elementor-element-10b677f e-flex e-con-boxed e-con e-parent\" data-id=\"10b677f\" data-element_type=\"container\" data-settings=\"{&quot;background_background&quot;:&quot;classic&quot;}\">\n\t\t\t\t\t<div class=\"e-con-inner\">\n\t\t<div class=\"elementor-element elementor-element-0f0a3bd e-con-full e-flex e-con e-child\" data-id=\"0f0a3bd\" data-element_type=\"container\">\n\t\t<div class=\"elementor-element elementor-element-23b18a3 e-con-full e-flex e-con e-child\" data-id=\"23b18a3\" data-element_type=\"container\">\n\t\t\t\t<div class=\"elementor-element elementor-element-7be69ea elementor-widget elementor-widget-heading\" data-id=\"7be69ea\" data-element_type=\"widget\" data-widget_type=\"heading.default\">\n\t\t\t\t<div class=\"elementor-widget-container\">\n\t\t\t\t\t<h2 class=\"elementor-heading-title elementor-size-default\">\u0130ttifak vizyonu\n<\/h2>\t\t\t\t<\/div>\n\t\t\t\t<\/div>\n\t\t\t\t<div class=\"elementor-element elementor-element-f3a7fb0 elementor-widget elementor-widget-text-editor\" data-id=\"f3a7fb0\" data-element_type=\"widget\" data-widget_type=\"text-editor.default\">\n\t\t\t\t<div class=\"elementor-widget-container\">\n\t\t\t\t\t\t\t\t\t<ul><li>K\u00fcresel otomotiv kal\u0131plar\u0131 alan\u0131n\u0131n geni\u015f sahnesinde, y\u00fcce hedefleri olan parlayan bir \\\u00c7in i\u015f kart\u0131\\ olmaya kararl\u0131y\u0131z. Derin teknik bilgiye dayanarak, sekt\u00f6rdeki en iyi yetenekleri bir araya getiriyor ve s\u00fcrekli olarak yenilik\u00e7i tak\u0131m tasar\u0131m\u0131 ve \u00fcretim teknolojisini ke\u015ffediyoruz. Kalitenin s\u00fcreklili\u011fi ile her s\u00fcreci s\u0131k\u0131 bir \u015fekilde kontrol ediyor ve m\u00fckemmel \u00fcr\u00fcnlerle konu\u015fuyoruz.<\/li><li>Uluslararas\u0131 rekabete aktif olarak kat\u0131l\u0131n, verimli hizmet ve g\u00fcvenilir teslimatla k\u00fcresel m\u00fc\u015fterilerin g\u00fcvenini kazan\u0131n, d\u00fcnyan\u0131n bizim arac\u0131l\u0131\u011f\u0131m\u0131zla \u00c7in otomobil tak\u0131mlar\u0131n\u0131n ola\u011fan\u00fcst\u00fc cazibesini takdir etmesine izin verin ve \\Made in China\\'n\u0131n g\u00fc\u00e7l\u00fc g\u00fcc\u00fcn\u00fc g\u00f6sterin.<\/li><\/ul>\t\t\t\t\t\t\t\t<\/div>\n\t\t\t\t<\/div>\n\t\t\t\t<\/div>\n\t\t<div class=\"elementor-element elementor-element-e8342cc e-con-full elementor-hidden-tablet elementor-hidden-mobile e-flex e-con e-child\" data-id=\"e8342cc\" data-element_type=\"container\" data-settings=\"{&quot;background_background&quot;:&quot;classic&quot;}\">\n\t\t\t\t<\/div>\n\t\t<div class=\"elementor-element elementor-element-579d4e5 e-con-full e-flex e-con e-child\" data-id=\"579d4e5\" data-element_type=\"container\">\n\t\t\t\t<div class=\"elementor-element elementor-element-7b1fa7b elementor-widget elementor-widget-image\" data-id=\"7b1fa7b\" data-element_type=\"widget\" data-widget_type=\"image.default\">\n\t\t\t\t<div class=\"elementor-widget-container\">\n\t\t\t\t\t\t\t\t\t\t\t\t\t\t\t<img alt=\"\" fetchpriority=\"high\" decoding=\"async\" width=\"790\" height=\"995\" src=\"https:\/\/www.chinatoolingsolutions.com\/wp-content\/uploads\/2025\/04\/\u56fe\u724710-1.jpg\" class=\"attachment-full size-full wp-image-1687\" srcset=\"https:\/\/www.chinatoolingsolutions.com\/wp-content\/uploads\/2025\/04\/\u56fe\u724710-1.jpg 790w, https:\/\/www.chinatoolingsolutions.com\/wp-content\/uploads\/2025\/04\/\u56fe\u724710-1-238x300.jpg 238w, https:\/\/www.chinatoolingsolutions.com\/wp-content\/uploads\/2025\/04\/\u56fe\u724710-1-768x967.jpg 768w\" sizes=\"(max-width: 790px) 100vw, 790px\" \/>\t\t\t\t\t\t\t\t\t\t\t\t\t\t\t<\/div>\n\t\t\t\t<\/div>\n\t\t\t\t<\/div>\n\t\t\t\t<\/div>\n\t\t<div class=\"elementor-element elementor-element-2b07b82 e-con-full e-flex e-con e-child\" data-id=\"2b07b82\" data-element_type=\"container\">\n\t\t<div class=\"elementor-element elementor-element-e8e4c04 e-con-full e-flex e-con e-child\" data-id=\"e8e4c04\" data-element_type=\"container\">\n\t\t\t\t<div class=\"elementor-element elementor-element-330a87e elementor-widget elementor-widget-heading\" data-id=\"330a87e\" data-element_type=\"widget\" data-widget_type=\"heading.default\">\n\t\t\t\t<div class=\"elementor-widget-container\">\n\t\t\t\t\t<h2 class=\"elementor-heading-title elementor-size-default\">\u0130ttifak misyonu\n\n<\/h2>\t\t\t\t<\/div>\n\t\t\t\t<\/div>\n\t\t\t\t<div class=\"elementor-element elementor-element-045a616 elementor-view-stacked elementor-position-left elementor-shape-circle elementor-mobile-position-top elementor-vertical-align-top elementor-widget elementor-widget-icon-box\" data-id=\"045a616\" data-element_type=\"widget\" data-widget_type=\"icon-box.default\">\n\t\t\t\t<div class=\"elementor-widget-container\">\n\t\t\t\t\t\t\t<div class=\"elementor-icon-box-wrapper\">\n\n\t\t\t\t\t\t<div class=\"elementor-icon-box-icon\">\n\t\t\t\t<span  class=\"elementor-icon\">\n\t\t\t\t<svg aria-hidden=\"true\" class=\"e-font-icon-svg e-fas-angle-right\" viewbox=\"0 0 256 512\" xmlns=\"http:\/\/www.w3.org\/2000\/svg\"><path d=\"M224.3 273l-136 136c-9.4 9.4-24.6 9.4-33.9 0l-22.6-22.6c-9.4-9.4-9.4-24.6 0-33.9l96.4-96.4-96.4-96.4c-9.4-9.4-9.4-24.6 0-33.9L54.3 103c9.4-9.4 24.6-9.4 33.9 0l136 136c9.5 9.4 9.5 24.6.1 34z\"><\/path><\/svg>\t\t\t\t<\/span>\n\t\t\t<\/div>\n\t\t\t\n\t\t\t\t\t\t<div class=\"elementor-icon-box-content\">\n\n\t\t\t\t\t\t\t\t\t<h3 class=\"elementor-icon-box-title\">\n\t\t\t\t\t\t<span  >\n\t\t\t\t\t\t\tK\u00fcresel otomobil end\u00fcstrisinin teknolojik yeniliklerle g\u00fc\u00e7lendirilmesi\t\t\t\t\t\t<\/span>\n\t\t\t\t\t<\/h3>\n\t\t\t\t\n\t\t\t\t\t\t\t\t\t<p class=\"elementor-icon-box-description\">\n\t\t\t\t\t\tEn son teknolojiyi incelemeye devam ederek ve teknik darbo\u011fazlar\u0131 s\u00fcrekli a\u015farak, ba\u011f\u0131ms\u0131z ara\u015ft\u0131rma ve geli\u015ftirmenin yenilik\u00e7i ba\u015far\u0131lar\u0131yla k\u00fcresel otomobil end\u00fcstrisine yepyeni bir canl\u0131l\u0131k enjekte etmeye ve onu her y\u00f6nde iyile\u015ftirme ve s\u0131\u00e7rama geli\u015fimi elde etmek i\u00e7in g\u00fc\u00e7lendirmeye kararl\u0131y\u0131z.\n\t\t\t\t\t<\/p>\n\t\t\t\t\n\t\t\t<\/div>\n\t\t\t\n\t\t<\/div>\n\t\t\t\t\t\t<\/div>\n\t\t\t\t<\/div>\n\t\t\t\t<div class=\"elementor-element elementor-element-eb77b88 elementor-view-stacked elementor-position-left elementor-shape-circle elementor-mobile-position-top elementor-vertical-align-top elementor-widget elementor-widget-icon-box\" data-id=\"eb77b88\" data-element_type=\"widget\" data-widget_type=\"icon-box.default\">\n\t\t\t\t<div class=\"elementor-widget-container\">\n\t\t\t\t\t\t\t<div class=\"elementor-icon-box-wrapper\">\n\n\t\t\t\t\t\t<div class=\"elementor-icon-box-icon\">\n\t\t\t\t<span  class=\"elementor-icon\">\n\t\t\t\t<svg aria-hidden=\"true\" class=\"e-font-icon-svg e-fas-angle-right\" viewbox=\"0 0 256 512\" xmlns=\"http:\/\/www.w3.org\/2000\/svg\"><path d=\"M224.3 273l-136 136c-9.4 9.4-24.6 9.4-33.9 0l-22.6-22.6c-9.4-9.4-9.4-24.6 0-33.9l96.4-96.4-96.4-96.4c-9.4-9.4-9.4-24.6 0-33.9L54.3 103c9.4-9.4 24.6-9.4 33.9 0l136 136c9.5 9.4 9.5 24.6.1 34z\"><\/path><\/svg>\t\t\t\t<\/span>\n\t\t\t<\/div>\n\t\t\t\n\t\t\t\t\t\t<div class=\"elementor-icon-box-content\">\n\n\t\t\t\t\t\t\t\t\t<h3 class=\"elementor-icon-box-title\">\n\t\t\t\t\t\t<span  >\n\t\t\t\t\t\t\tYe\u015fil \u00dcretim ve Dijital Fabrika D\u00f6n\u00fc\u015f\u00fcm\u00fcn\u00fcn Te\u015fvik Edilmesi\t\t\t\t\t\t<\/span>\n\t\t\t\t\t<\/h3>\n\t\t\t\t\n\t\t\t\t\t\t\t\t\t<p class=\"elementor-icon-box-description\">\n\t\t\t\t\t\tYe\u015fil \u00fcretim ve dijital fabrika d\u00f6n\u00fc\u015f\u00fcm\u00fcne aktif olarak kat\u0131l\u0131yor ve \u00fcretim modunun ye\u015fil ve dijital d\u00f6n\u00fc\u015f\u00fcm\u00fcn\u00fc tam olarak te\u015fvik etmek i\u00e7in \u00e7evre koruma teknolojisini tan\u0131tarak, enerji tasarrufu sa\u011flayan ekipman\u0131 y\u00fckselterek ve dijital teknolojiyi entegre ederek ak\u0131ll\u0131 bir \u00fcretim sistemi olu\u015fturuyoruz.\n\t\t\t\t\t<\/p>\n\t\t\t\t\n\t\t\t<\/div>\n\t\t\t\n\t\t<\/div>\n\t\t\t\t\t\t<\/div>\n\t\t\t\t<\/div>\n\t\t\t\t<\/div>\n\t\t<div class=\"elementor-element elementor-element-7af236e e-con-full e-flex e-con e-child\" data-id=\"7af236e\" data-element_type=\"container\">\n\t\t\t\t<div class=\"elementor-element elementor-element-23a47f5 elementor-widget elementor-widget-image\" data-id=\"23a47f5\" data-element_type=\"widget\" data-widget_type=\"image.default\">\n\t\t\t\t<div class=\"elementor-widget-container\">\n\t\t\t\t\t\t\t\t\t\t\t\t\t\t\t<img alt=\"\" decoding=\"async\" width=\"867\" height=\"1024\" src=\"https:\/\/www.chinatoolingsolutions.com\/wp-content\/uploads\/2025\/04\/\u56fe\u724712-867x1024.jpg\" class=\"attachment-large size-large wp-image-1686\" srcset=\"https:\/\/www.chinatoolingsolutions.com\/wp-content\/uploads\/2025\/04\/\u56fe\u724712-867x1024.jpg 867w, https:\/\/www.chinatoolingsolutions.com\/wp-content\/uploads\/2025\/04\/\u56fe\u724712-254x300.jpg 254w, https:\/\/www.chinatoolingsolutions.com\/wp-content\/uploads\/2025\/04\/\u56fe\u724712-768x907.jpg 768w, https:\/\/www.chinatoolingsolutions.com\/wp-content\/uploads\/2025\/04\/\u56fe\u724712.jpg 963w\" sizes=\"(max-width: 867px) 100vw, 867px\" \/>\t\t\t\t\t\t\t\t\t\t\t\t\t\t\t<\/div>\n\t\t\t\t<\/div>\n\t\t\t\t<\/div>\n\t\t\t\t<\/div>\n\t\t\t\t\t<\/div>\n\t\t\t\t<\/div>\n\t\t\t\t<\/div>","protected":false},"excerpt":{"rendered":"<p>Alliance vision On the broad stage of the global automotive tooling field, we are determined to become a shining China business card with lofty aspirations. Based on profound technical knowledge, we gather top talents in the industry and constantly explore innovative tooling design and manufacturing technology. With the persistence of quality, we strictly control every [&hellip;]<\/p>","protected":false},"author":1,"featured_media":0,"parent":0,"menu_order":0,"comment_status":"closed","ping_status":"closed","template":"","meta":{"_seopress_robots_primary_cat":"","_seopress_titles_title":"","_seopress_titles_desc":"","_seopress_robots_index":"","footnotes":""},"class_list":["post-1598","page","type-page","status-publish","hentry"],"blocksy_meta":{"vertical_spacing_source":"custom","content_area_spacing":"top","styles_descriptor":{"styles":{"desktop":"","tablet":"","mobile":""},"google_fonts":[],"version":6}},"_links":{"self":[{"href":"https:\/\/www.chinatoolingsolutions.com\/tr\/wp-json\/wp\/v2\/pages\/1598","targetHints":{"allow":["GET"]}}],"collection":[{"href":"https:\/\/www.chinatoolingsolutions.com\/tr\/wp-json\/wp\/v2\/pages"}],"about":[{"href":"https:\/\/www.chinatoolingsolutions.com\/tr\/wp-json\/wp\/v2\/types\/page"}],"author":[{"embeddable":true,"href":"https:\/\/www.chinatoolingsolutions.com\/tr\/wp-json\/wp\/v2\/users\/1"}],"replies":[{"embeddable":true,"href":"https:\/\/www.chinatoolingsolutions.com\/tr\/wp-json\/wp\/v2\/comments?post=1598"}],"version-history":[{"count":31,"href":"https:\/\/www.chinatoolingsolutions.com\/tr\/wp-json\/wp\/v2\/pages\/1598\/revisions"}],"predecessor-version":[{"id":1740,"href":"https:\/\/www.chinatoolingsolutions.com\/tr\/wp-json\/wp\/v2\/pages\/1598\/revisions\/1740"}],"wp:attachment":[{"href":"https:\/\/www.chinatoolingsolutions.com\/tr\/wp-json\/wp\/v2\/media?parent=1598"}],"curies":[{"name":"wp","href":"https:\/\/api.w.org\/{rel}","templated":true}]}}