{"id":1596,"date":"2025-04-10T21:06:45","date_gmt":"2025-04-10T13:06:45","guid":{"rendered":"https:\/\/www.chinatoolingsolutions.com\/?page_id=1596"},"modified":"2025-04-11T21:26:37","modified_gmt":"2025-04-11T13:26:37","slug":"core-advantages","status":"publish","type":"page","link":"https:\/\/www.chinatoolingsolutions.com\/tr\/core-advantages\/","title":{"rendered":"Temel Avantajlar"},"content":{"rendered":"<div data-elementor-type=\"wp-page\" data-elementor-id=\"1596\" class=\"elementor elementor-1596\" data-elementor-post-type=\"page\">\n\t\t\t\t<div class=\"elementor-element elementor-element-815e38d e-flex e-con-boxed e-con e-parent\" data-id=\"815e38d\" data-element_type=\"container\">\n\t\t\t\t\t<div class=\"e-con-inner\">\n\t\t<div class=\"elementor-element elementor-element-672681d e-con-full e-flex e-con e-child\" data-id=\"672681d\" data-element_type=\"container\">\n\t\t<div class=\"elementor-element elementor-element-2a7db48 e-con-full e-flex e-con e-child\" data-id=\"2a7db48\" data-element_type=\"container\">\n\t\t<div class=\"elementor-element elementor-element-b21e230 e-con-full e-flex e-con e-child\" data-id=\"b21e230\" data-element_type=\"container\">\n\t\t\t\t<div class=\"elementor-element elementor-element-e74b283 elementor-widget elementor-widget-image\" data-id=\"e74b283\" data-element_type=\"widget\" data-widget_type=\"image.default\">\n\t\t\t\t<div class=\"elementor-widget-container\">\n\t\t\t\t\t\t\t\t\t\t\t\t\t\t\t<img alt=\"\" decoding=\"async\" width=\"150\" height=\"150\" src=\"https:\/\/www.chinatoolingsolutions.com\/wp-content\/uploads\/2025\/04\/\u56fe\u72473-1-150x150.jpg\" class=\"attachment-thumbnail size-thumbnail wp-image-1660\" srcset=\"https:\/\/www.chinatoolingsolutions.com\/wp-content\/uploads\/2025\/04\/\u56fe\u72473-1-150x150.jpg 150w, https:\/\/www.chinatoolingsolutions.com\/wp-content\/uploads\/2025\/04\/\u56fe\u72473-1.jpg 257w\" sizes=\"(max-width: 150px) 100vw, 150px\" \/>\t\t\t\t\t\t\t\t\t\t\t\t\t\t\t<\/div>\n\t\t\t\t<\/div>\n\t\t\t\t<\/div>\n\t\t<div class=\"elementor-element elementor-element-6b37264 e-con-full e-flex e-con e-child\" data-id=\"6b37264\" data-element_type=\"container\">\n\t\t\t\t<div class=\"elementor-element elementor-element-f08fb36 elementor-widget elementor-widget-text-editor\" data-id=\"f08fb36\" data-element_type=\"widget\" data-widget_type=\"text-editor.default\">\n\t\t\t\t<div class=\"elementor-widget-container\">\n\t\t\t\t\t\t\t\t\t<p>\u0130\u015f kanallar\u0131n\u0131n ortakla\u015fa geli\u015ftirilmesi<\/p>\t\t\t\t\t\t\t\t<\/div>\n\t\t\t\t<\/div>\n\t\t\t\t<div class=\"elementor-element elementor-element-4a639b8 elementor-widget elementor-widget-text-editor\" data-id=\"4a639b8\" data-element_type=\"widget\" data-widget_type=\"text-editor.default\">\n\t\t\t\t<div class=\"elementor-widget-container\">\n\t\t\t\t\t\t\t\t\t<p>\u0130ttifak\u0131n k\u00fcresel i\u015f a\u011f\u0131n\u0131n yard\u0131m\u0131yla, \u00e7e\u015fitli b\u00f6lgesel pazarlar\u0131 ortakla\u015fa geli\u015ftirecek ve do\u011fru m\u00fc\u015fterilerle verimli bir \u015fekilde ba\u011flant\u0131 kuraca\u011f\u0131z.<\/p>\t\t\t\t\t\t\t\t<\/div>\n\t\t\t\t<\/div>\n\t\t\t\t<\/div>\n\t\t\t\t<\/div>\n\t\t<div class=\"elementor-element elementor-element-719a2e5 e-con-full e-flex e-con e-child\" data-id=\"719a2e5\" data-element_type=\"container\">\n\t\t<div class=\"elementor-element elementor-element-3a1d11c e-con-full e-flex e-con e-child\" data-id=\"3a1d11c\" data-element_type=\"container\">\n\t\t\t\t<div class=\"elementor-element elementor-element-654b2ca elementor-widget elementor-widget-text-editor\" data-id=\"654b2ca\" data-element_type=\"widget\" data-widget_type=\"text-editor.default\">\n\t\t\t\t<div class=\"elementor-widget-container\">\n\t\t\t\t\t\t\t\t\t<p>Maliyet ve verimlilik iyile\u015ftirmesi sa\u011flay\u0131n.<\/p>\t\t\t\t\t\t\t\t<\/div>\n\t\t\t\t<\/div>\n\t\t\t\t<div class=\"elementor-element elementor-element-aafda3e elementor-widget elementor-widget-text-editor\" data-id=\"aafda3e\" data-element_type=\"widget\" data-widget_type=\"text-editor.default\">\n\t\t\t\t<div class=\"elementor-widget-container\">\n\t\t\t\t\t\t\t\t\t<p>\u0130ttifak\u0131n g\u00fc\u00e7l\u00fc k\u00fcme etkisine dayanarak, yukar\u0131 ve a\u015fa\u011f\u0131 y\u00f6nl\u00fc end\u00fcstriyel zincirler yak\u0131ndan koordine edilir, t\u00fcm ba\u011flant\u0131lar verimli bir \u015fekilde \u00e7al\u0131\u015f\u0131r ve teslimat verimlili\u011fini \u00f6nemli \u00f6l\u00e7\u00fcde art\u0131r\u0131r.<\/p>\t\t\t\t\t\t\t\t<\/div>\n\t\t\t\t<\/div>\n\t\t\t\t<\/div>\n\t\t<div class=\"elementor-element elementor-element-d4fefb3 e-con-full e-flex e-con e-child\" data-id=\"d4fefb3\" data-element_type=\"container\">\n\t\t\t\t<div class=\"elementor-element elementor-element-0c7d2f5 elementor-widget elementor-widget-image\" data-id=\"0c7d2f5\" data-element_type=\"widget\" data-widget_type=\"image.default\">\n\t\t\t\t<div class=\"elementor-widget-container\">\n\t\t\t\t\t\t\t\t\t\t\t\t\t\t\t<img alt=\"\" decoding=\"async\" width=\"150\" height=\"150\" src=\"https:\/\/www.chinatoolingsolutions.com\/wp-content\/uploads\/2025\/04\/\u56fe\u72474-150x150.jpg\" class=\"attachment-thumbnail size-thumbnail wp-image-1661\" srcset=\"https:\/\/www.chinatoolingsolutions.com\/wp-content\/uploads\/2025\/04\/\u56fe\u72474-150x150.jpg 150w, https:\/\/www.chinatoolingsolutions.com\/wp-content\/uploads\/2025\/04\/\u56fe\u72474.jpg 257w\" sizes=\"(max-width: 150px) 100vw, 150px\" \/>\t\t\t\t\t\t\t\t\t\t\t\t\t\t\t<\/div>\n\t\t\t\t<\/div>\n\t\t\t\t<\/div>\n\t\t\t\t<\/div>\n\t\t<div class=\"elementor-element elementor-element-3c4b597 e-con-full e-flex e-con e-child\" data-id=\"3c4b597\" data-element_type=\"container\">\n\t\t<div class=\"elementor-element elementor-element-c32019a e-con-full e-flex e-con e-child\" data-id=\"c32019a\" data-element_type=\"container\">\n\t\t\t\t<div class=\"elementor-element elementor-element-9a6718c elementor-widget elementor-widget-image\" data-id=\"9a6718c\" data-element_type=\"widget\" data-widget_type=\"image.default\">\n\t\t\t\t<div class=\"elementor-widget-container\">\n\t\t\t\t\t\t\t\t\t\t\t\t\t\t\t<img alt=\"\" decoding=\"async\" width=\"150\" height=\"150\" src=\"https:\/\/www.chinatoolingsolutions.com\/wp-content\/uploads\/2025\/04\/\u56fe\u72475-150x150.jpg\" class=\"attachment-thumbnail size-thumbnail wp-image-1662\" srcset=\"https:\/\/www.chinatoolingsolutions.com\/wp-content\/uploads\/2025\/04\/\u56fe\u72475-150x150.jpg 150w, https:\/\/www.chinatoolingsolutions.com\/wp-content\/uploads\/2025\/04\/\u56fe\u72475.jpg 257w\" sizes=\"(max-width: 150px) 100vw, 150px\" \/>\t\t\t\t\t\t\t\t\t\t\t\t\t\t\t<\/div>\n\t\t\t\t<\/div>\n\t\t\t\t<\/div>\n\t\t<div class=\"elementor-element elementor-element-4877d02 e-con-full e-flex e-con e-child\" data-id=\"4877d02\" data-element_type=\"container\">\n\t\t\t\t<div class=\"elementor-element elementor-element-44eabd2 elementor-widget elementor-widget-text-editor\" data-id=\"44eabd2\" data-element_type=\"widget\" data-widget_type=\"text-editor.default\">\n\t\t\t\t<div class=\"elementor-widget-container\">\n\t\t\t\t\t\t\t\t\t<p>Uluslararas\u0131 uyum standartlar\u0131<\/p>\t\t\t\t\t\t\t\t<\/div>\n\t\t\t\t<\/div>\n\t\t\t\t<div class=\"elementor-element elementor-element-ffdcc9e elementor-widget elementor-widget-text-editor\" data-id=\"ffdcc9e\" data-element_type=\"widget\" data-widget_type=\"text-editor.default\">\n\t\t\t\t<div class=\"elementor-widget-container\">\n\t\t\t\t\t\t\t\t\t<p>Uluslararas\u0131 m\u00fc\u015fteri tedarik\u00e7i eri\u015fim standartlar\u0131n\u0131 ve y\u00f6netim sistemlerini k\u0131yaslay\u0131n, IATF 16949, ISO 9001 ve di\u011fer sertifikasyon standartlar\u0131n\u0131 s\u0131k\u0131 bir \u015fekilde k\u0131yaslay\u0131n ve uyumluluk ve standart uygulamas\u0131n\u0131n \u00e7\u00f6z\u00fclmesine yard\u0131mc\u0131 olun.<\/p>\t\t\t\t\t\t\t\t<\/div>\n\t\t\t\t<\/div>\n\t\t\t\t<\/div>\n\t\t\t\t<\/div>\n\t\t\t\t<\/div>\n\t\t\t\t\t<\/div>\n\t\t\t\t<\/div>\n\t\t\t\t<\/div>","protected":false},"excerpt":{"rendered":"<p>Collaborative development of business channels With the help of the global business network of the alliance, we will jointly develop various regional markets and efficiently connect with accurate customers. Achieve cost and efficiency improvement. Relying on strong cluster effect of alliance, upstream and downstream industrial chains are closely coordinated, all links operate efficiently, significantly improving [&hellip;]<\/p>","protected":false},"author":1,"featured_media":0,"parent":0,"menu_order":0,"comment_status":"closed","ping_status":"closed","template":"","meta":{"_seopress_robots_primary_cat":"","_seopress_titles_title":"","_seopress_titles_desc":"","_seopress_robots_index":"","footnotes":""},"class_list":["post-1596","page","type-page","status-publish","hentry"],"blocksy_meta":{"vertical_spacing_source":"custom","content_area_spacing":"top","styles_descriptor":{"styles":{"desktop":"","tablet":"","mobile":""},"google_fonts":[],"version":6}},"_links":{"self":[{"href":"https:\/\/www.chinatoolingsolutions.com\/tr\/wp-json\/wp\/v2\/pages\/1596","targetHints":{"allow":["GET"]}}],"collection":[{"href":"https:\/\/www.chinatoolingsolutions.com\/tr\/wp-json\/wp\/v2\/pages"}],"about":[{"href":"https:\/\/www.chinatoolingsolutions.com\/tr\/wp-json\/wp\/v2\/types\/page"}],"author":[{"embeddable":true,"href":"https:\/\/www.chinatoolingsolutions.com\/tr\/wp-json\/wp\/v2\/users\/1"}],"replies":[{"embeddable":true,"href":"https:\/\/www.chinatoolingsolutions.com\/tr\/wp-json\/wp\/v2\/comments?post=1596"}],"version-history":[{"count":13,"href":"https:\/\/www.chinatoolingsolutions.com\/tr\/wp-json\/wp\/v2\/pages\/1596\/revisions"}],"predecessor-version":[{"id":1719,"href":"https:\/\/www.chinatoolingsolutions.com\/tr\/wp-json\/wp\/v2\/pages\/1596\/revisions\/1719"}],"wp:attachment":[{"href":"https:\/\/www.chinatoolingsolutions.com\/tr\/wp-json\/wp\/v2\/media?parent=1596"}],"curies":[{"name":"wp","href":"https:\/\/api.w.org\/{rel}","templated":true}]}}