{"id":835,"date":"2022-06-09T17:18:39","date_gmt":"2022-06-09T17:18:39","guid":{"rendered":"https:\/\/startersites.io\/elementor\/persona\/?page_id=835"},"modified":"2025-05-14T15:55:27","modified_gmt":"2025-05-14T07:55:27","slug":"global-network","status":"publish","type":"page","link":"https:\/\/www.chinatoolingsolutions.com\/fr\/global-network\/","title":{"rendered":"R\u00e9seau mondial"},"content":{"rendered":"<div data-elementor-type=\"wp-page\" data-elementor-id=\"835\" class=\"elementor elementor-835\" data-elementor-post-type=\"page\">\n\t\t\t\t<div class=\"elementor-element elementor-element-a408810 e-flex e-con-boxed e-con e-parent\" data-id=\"a408810\" data-element_type=\"container\">\n\t\t\t\t\t<div class=\"e-con-inner\">\n\t\t\t\t<div class=\"elementor-element elementor-element-4a04d43 elementor-widget elementor-widget-image\" data-id=\"4a04d43\" data-element_type=\"widget\" data-widget_type=\"image.default\">\n\t\t\t\t<div class=\"elementor-widget-container\">\n\t\t\t\t\t\t\t\t\t\t\t\t\t\t\t<img alt=\"\" fetchpriority=\"high\" decoding=\"async\" width=\"1024\" height=\"576\" src=\"https:\/\/www.chinatoolingsolutions.com\/wp-content\/uploads\/2025\/05\/92-1024x576.png\" class=\"attachment-large size-large wp-image-2081\" srcset=\"https:\/\/www.chinatoolingsolutions.com\/wp-content\/uploads\/2025\/05\/92-1024x576.png 1024w, https:\/\/www.chinatoolingsolutions.com\/wp-content\/uploads\/2025\/05\/92-300x169.png 300w, https:\/\/www.chinatoolingsolutions.com\/wp-content\/uploads\/2025\/05\/92-768x432.png 768w, https:\/\/www.chinatoolingsolutions.com\/wp-content\/uploads\/2025\/05\/92-1536x864.png 1536w, https:\/\/www.chinatoolingsolutions.com\/wp-content\/uploads\/2025\/05\/92-18x10.png 18w, https:\/\/www.chinatoolingsolutions.com\/wp-content\/uploads\/2025\/05\/92.png 1920w\" sizes=\"(max-width: 1024px) 100vw, 1024px\" \/>\t\t\t\t\t\t\t\t\t\t\t\t\t\t\t<\/div>\n\t\t\t\t<\/div>\n\t\t\t\t<div class=\"elementor-element elementor-element-03651ff ct-advanced-heading elementor-widget elementor-widget-heading\" data-id=\"03651ff\" data-element_type=\"widget\" data-widget_type=\"heading.default\">\n\t\t\t\t<div class=\"elementor-widget-container\">\n\t\t\t\t\t<h2 class=\"elementor-heading-title elementor-size-default\">Avantage de l'Alliance<\/h2>\t\t\t\t<\/div>\n\t\t\t\t<\/div>\n\t\t\t\t<div class=\"elementor-element elementor-element-246a16c elementor-widget__width-initial elementor-widget elementor-widget-text-editor\" data-id=\"246a16c\" data-element_type=\"widget\" data-widget_type=\"text-editor.default\">\n\t\t\t\t<div class=\"elementor-widget-container\">\n\t\t\t\t\t\t\t\t\t<p>Afin de mieux p\u00e9n\u00e9trer le march\u00e9 mondial, l'alliance a mis en place des bureaux de repr\u00e9sentation r\u00e9gionaux en Europe et en Am\u00e9rique, au Moyen-Orient et en Asie centrale, en Asie du Sud-Est et en Am\u00e9rique du Sud. Aider les entreprises membres \u00e0 explorer les march\u00e9s locaux, promouvoir un ancrage profond avec l'industrie automobile locale, saisir avec pr\u00e9cision les tendances du march\u00e9 local, et fournir une gestion de projet et un soutien apr\u00e8s-vente aux entreprises membres.<\/p>\t\t\t\t\t\t\t\t<\/div>\n\t\t\t\t<\/div>\n\t\t<div class=\"elementor-element elementor-element-b8353b7 e-con-full e-flex e-con e-child\" data-id=\"b8353b7\" data-element_type=\"container\">\n\t\t<div class=\"elementor-element elementor-element-4537024 e-con-full e-flex e-con e-child\" data-id=\"4537024\" data-element_type=\"container\">\n\t\t<div class=\"elementor-element elementor-element-4553efd e-con-full e-flex e-con e-child\" data-id=\"4553efd\" data-element_type=\"container\">\n\t\t\t\t<div class=\"elementor-element elementor-element-c740e5c elementor-widget elementor-widget-text-editor\" data-id=\"c740e5c\" data-element_type=\"widget\" data-widget_type=\"text-editor.default\">\n\t\t\t\t<div class=\"elementor-widget-container\">\n\t\t\t\t\t\t\t\t\t<p>Localisation technique<br \/>consultation et r\u00e9ponse rapide<\/p>\t\t\t\t\t\t\t\t<\/div>\n\t\t\t\t<\/div>\n\t\t\t\t<div class=\"elementor-element elementor-element-d8266ae elementor-widget-divider--view-line elementor-widget elementor-widget-divider\" data-id=\"d8266ae\" data-element_type=\"widget\" data-widget_type=\"divider.default\">\n\t\t\t\t<div class=\"elementor-widget-container\">\n\t\t\t\t\t\t\t<div class=\"elementor-divider\">\n\t\t\t<span class=\"elementor-divider-separator\">\n\t\t\t\t\t\t<\/span>\n\t\t<\/div>\n\t\t\t\t\t\t<\/div>\n\t\t\t\t<\/div>\n\t\t\t\t<div class=\"elementor-element elementor-element-899cb4a elementor-widget elementor-widget-text-editor\" data-id=\"899cb4a\" data-element_type=\"widget\" data-widget_type=\"text-editor.default\">\n\t\t\t\t<div class=\"elementor-widget-container\">\n\t\t\t\t\t\t\t\t\t<ul><li>Consultation technique locale, s'appuyant sur l'\u00e9quipe technique professionnelle locale, s'adaptant \u00e9troitement aux caract\u00e9ristiques industrielles r\u00e9gionales, solutions pr\u00e9cises sur mesure pour les clients. <\/li><li>Dans le cadre du m\u00e9canisme de r\u00e9ponse rapide, d\u00e8s que les besoins ou les probl\u00e8mes du client apparaissent, les ressources sont allou\u00e9es rapidement et elles se rendent sur place au plus vite pour r\u00e9soudre les probl\u00e8mes de mani\u00e8re efficace.<\/li><\/ul>\t\t\t\t\t\t\t\t<\/div>\n\t\t\t\t<\/div>\n\t\t\t\t<\/div>\n\t\t<div class=\"elementor-element elementor-element-6443ff1 e-con-full e-flex e-con e-child\" data-id=\"6443ff1\" data-element_type=\"container\">\n\t\t\t\t<div class=\"elementor-element elementor-element-8c860ca elementor-widget elementor-widget-image\" data-id=\"8c860ca\" data-element_type=\"widget\" data-widget_type=\"image.default\">\n\t\t\t\t<div class=\"elementor-widget-container\">\n\t\t\t\t\t\t\t\t\t\t\t\t\t\t\t<img alt=\"\" decoding=\"async\" width=\"521\" height=\"721\" src=\"https:\/\/www.chinatoolingsolutions.com\/wp-content\/uploads\/2025\/04\/\u56fe\u72471-1.jpg\" class=\"attachment-large size-large wp-image-1640\" srcset=\"https:\/\/www.chinatoolingsolutions.com\/wp-content\/uploads\/2025\/04\/\u56fe\u72471-1.jpg 521w, https:\/\/www.chinatoolingsolutions.com\/wp-content\/uploads\/2025\/04\/\u56fe\u72471-1-217x300.jpg 217w\" sizes=\"(max-width: 521px) 100vw, 521px\" \/>\t\t\t\t\t\t\t\t\t\t\t\t\t\t\t<\/div>\n\t\t\t\t<\/div>\n\t\t\t\t<\/div>\n\t\t\t\t<\/div>\n\t\t<div class=\"elementor-element elementor-element-297a4f2 e-con-full e-flex e-con e-child\" data-id=\"297a4f2\" data-element_type=\"container\">\n\t\t<div class=\"elementor-element elementor-element-49a6659 e-con-full e-flex e-con e-child\" data-id=\"49a6659\" data-element_type=\"container\">\n\t\t\t\t<div class=\"elementor-element elementor-element-699b8c1 elementor-widget elementor-widget-text-editor\" data-id=\"699b8c1\" data-element_type=\"widget\" data-widget_type=\"text-editor.default\">\n\t\t\t\t<div class=\"elementor-widget-container\">\n\t\t\t\t\t\t\t\t\t<p>Maintenance apr\u00e8s-vente <br \/>Assistance sous forme de pi\u00e8ces d\u00e9tach\u00e9es<\/p>\t\t\t\t\t\t\t\t<\/div>\n\t\t\t\t<\/div>\n\t\t\t\t<div class=\"elementor-element elementor-element-200a1a0 elementor-widget-divider--view-line elementor-widget elementor-widget-divider\" data-id=\"200a1a0\" data-element_type=\"widget\" data-widget_type=\"divider.default\">\n\t\t\t\t<div class=\"elementor-widget-container\">\n\t\t\t\t\t\t\t<div class=\"elementor-divider\">\n\t\t\t<span class=\"elementor-divider-separator\">\n\t\t\t\t\t\t<\/span>\n\t\t<\/div>\n\t\t\t\t\t\t<\/div>\n\t\t\t\t<\/div>\n\t\t\t\t<div class=\"elementor-element elementor-element-68a8f04 elementor-widget elementor-widget-text-editor\" data-id=\"68a8f04\" data-element_type=\"widget\" data-widget_type=\"text-editor.default\">\n\t\t\t\t<div class=\"elementor-widget-container\">\n\t\t\t\t\t\t\t\t\t<ul><li>En ce qui concerne la maintenance apr\u00e8s-vente, nous avons mis en place une \u00e9quipe de service apr\u00e8s-vente professionnelle et efficace, toujours attentive \u00e0 l'exp\u00e9rience du client, et nous nous engageons \u00e0 traiter tous les types de situations apr\u00e8s-vente en temps voulu. <\/li><li>Soutien aux pi\u00e8ces d\u00e9tach\u00e9es, mise en place d'un syst\u00e8me complet, optimisation de la cha\u00eene d'approvisionnement et garantie totale de la rapidit\u00e9 et de la stabilit\u00e9 de l'approvisionnement en pi\u00e8ces d\u00e9tach\u00e9es. <\/li><\/ul>\t\t\t\t\t\t\t\t<\/div>\n\t\t\t\t<\/div>\n\t\t\t\t<\/div>\n\t\t<div class=\"elementor-element elementor-element-ed7eb34 e-con-full e-flex e-con e-child\" data-id=\"ed7eb34\" data-element_type=\"container\">\n\t\t\t\t<div class=\"elementor-element elementor-element-86505e0 elementor-widget elementor-widget-image\" data-id=\"86505e0\" data-element_type=\"widget\" data-widget_type=\"image.default\">\n\t\t\t\t<div class=\"elementor-widget-container\">\n\t\t\t\t\t\t\t\t\t\t\t\t\t\t\t<img alt=\"\" decoding=\"async\" width=\"521\" height=\"721\" src=\"https:\/\/www.chinatoolingsolutions.com\/wp-content\/uploads\/2025\/04\/\u56fe\u72472.jpg\" class=\"attachment-large size-large wp-image-1641\" srcset=\"https:\/\/www.chinatoolingsolutions.com\/wp-content\/uploads\/2025\/04\/\u56fe\u72472.jpg 521w, https:\/\/www.chinatoolingsolutions.com\/wp-content\/uploads\/2025\/04\/\u56fe\u72472-217x300.jpg 217w\" sizes=\"(max-width: 521px) 100vw, 521px\" \/>\t\t\t\t\t\t\t\t\t\t\t\t\t\t\t<\/div>\n\t\t\t\t<\/div>\n\t\t\t\t<\/div>\n\t\t\t\t<\/div>\n\t\t\t\t<\/div>\n\t\t\t\t\t<\/div>\n\t\t\t\t<\/div>\n\t\t\t\t<\/div>","protected":false},"excerpt":{"rendered":"<p>Alliance Advantage In order to better deepen the global market, the alliance has set up regional representative offices in Europe and America, the Middle East and Central Asia, Southeast Asia and South America. Assist member enterprises to explore local markets, promote deep docking with local automobile industry, accurately grasp local market trends, and provide project [&hellip;]<\/p>","protected":false},"author":1,"featured_media":0,"parent":0,"menu_order":0,"comment_status":"closed","ping_status":"closed","template":"","meta":{"_seopress_robots_primary_cat":"","_seopress_titles_title":"","_seopress_titles_desc":"","_seopress_robots_index":"","footnotes":""},"class_list":["post-835","page","type-page","status-publish","hentry"],"blocksy_meta":{"styles_descriptor":{"styles":{"desktop":"","tablet":"","mobile":""},"google_fonts":[],"version":6},"vertical_spacing_source":"custom","content_area_spacing":"top"},"_links":{"self":[{"href":"https:\/\/www.chinatoolingsolutions.com\/fr\/wp-json\/wp\/v2\/pages\/835","targetHints":{"allow":["GET"]}}],"collection":[{"href":"https:\/\/www.chinatoolingsolutions.com\/fr\/wp-json\/wp\/v2\/pages"}],"about":[{"href":"https:\/\/www.chinatoolingsolutions.com\/fr\/wp-json\/wp\/v2\/types\/page"}],"author":[{"embeddable":true,"href":"https:\/\/www.chinatoolingsolutions.com\/fr\/wp-json\/wp\/v2\/users\/1"}],"replies":[{"embeddable":true,"href":"https:\/\/www.chinatoolingsolutions.com\/fr\/wp-json\/wp\/v2\/comments?post=835"}],"version-history":[{"count":28,"href":"https:\/\/www.chinatoolingsolutions.com\/fr\/wp-json\/wp\/v2\/pages\/835\/revisions"}],"predecessor-version":[{"id":2136,"href":"https:\/\/www.chinatoolingsolutions.com\/fr\/wp-json\/wp\/v2\/pages\/835\/revisions\/2136"}],"wp:attachment":[{"href":"https:\/\/www.chinatoolingsolutions.com\/fr\/wp-json\/wp\/v2\/media?parent=835"}],"curies":[{"name":"wp","href":"https:\/\/api.w.org\/{rel}","templated":true}]}}