{"id":1598,"date":"2025-04-10T21:07:21","date_gmt":"2025-04-10T13:07:21","guid":{"rendered":"https:\/\/www.chinatoolingsolutions.com\/?page_id=1598"},"modified":"2025-04-12T14:28:06","modified_gmt":"2025-04-12T06:28:06","slug":"vision-mission","status":"publish","type":"page","link":"https:\/\/www.chinatoolingsolutions.com\/fr\/vision-mission\/","title":{"rendered":"Vision Mission"},"content":{"rendered":"<div data-elementor-type=\"wp-page\" data-elementor-id=\"1598\" class=\"elementor elementor-1598\" data-elementor-post-type=\"page\">\n\t\t\t\t<div class=\"elementor-element elementor-element-10b677f e-flex e-con-boxed e-con e-parent\" data-id=\"10b677f\" data-element_type=\"container\" data-settings=\"{&quot;background_background&quot;:&quot;classic&quot;}\">\n\t\t\t\t\t<div class=\"e-con-inner\">\n\t\t<div class=\"elementor-element elementor-element-0f0a3bd e-con-full e-flex e-con e-child\" data-id=\"0f0a3bd\" data-element_type=\"container\">\n\t\t<div class=\"elementor-element elementor-element-23b18a3 e-con-full e-flex e-con e-child\" data-id=\"23b18a3\" data-element_type=\"container\">\n\t\t\t\t<div class=\"elementor-element elementor-element-7be69ea elementor-widget elementor-widget-heading\" data-id=\"7be69ea\" data-element_type=\"widget\" data-widget_type=\"heading.default\">\n\t\t\t\t<div class=\"elementor-widget-container\">\n\t\t\t\t\t<h2 class=\"elementor-heading-title elementor-size-default\">Vision de l'Alliance\n<\/h2>\t\t\t\t<\/div>\n\t\t\t\t<\/div>\n\t\t\t\t<div class=\"elementor-element elementor-element-f3a7fb0 elementor-widget elementor-widget-text-editor\" data-id=\"f3a7fb0\" data-element_type=\"widget\" data-widget_type=\"text-editor.default\">\n\t\t\t\t<div class=\"elementor-widget-container\">\n\t\t\t\t\t\t\t\t\t<ul><li>Sur la sc\u00e8ne mondiale de l'outillage automobile, nous sommes d\u00e9termin\u00e9s \u00e0 devenir une carte de visite chinoise brillante et ambitieuse. Sur la base de connaissances techniques approfondies, nous rassemblons les meilleurs talents de l'industrie et explorons constamment les technologies innovantes de conception et de fabrication d'outils. Avec la persistance de la qualit\u00e9, nous contr\u00f4lons strictement chaque processus et proposons d'excellents produits.<\/li><li>Participer activement \u00e0 la concurrence internationale, gagner la confiance des clients du monde entier gr\u00e2ce \u00e0 un service efficace et \u00e0 des livraisons fiables, permettre au monde d'appr\u00e9cier le charme extraordinaire de l'outillage automobile chinois \u00e0 travers nous, et montrer la force puissante de \"Made in China\".<\/li><\/ul>\t\t\t\t\t\t\t\t<\/div>\n\t\t\t\t<\/div>\n\t\t\t\t<\/div>\n\t\t<div class=\"elementor-element elementor-element-e8342cc e-con-full elementor-hidden-tablet elementor-hidden-mobile e-flex e-con e-child\" data-id=\"e8342cc\" data-element_type=\"container\" data-settings=\"{&quot;background_background&quot;:&quot;classic&quot;}\">\n\t\t\t\t<\/div>\n\t\t<div class=\"elementor-element elementor-element-579d4e5 e-con-full e-flex e-con e-child\" data-id=\"579d4e5\" data-element_type=\"container\">\n\t\t\t\t<div class=\"elementor-element elementor-element-7b1fa7b elementor-widget elementor-widget-image\" data-id=\"7b1fa7b\" data-element_type=\"widget\" data-widget_type=\"image.default\">\n\t\t\t\t<div class=\"elementor-widget-container\">\n\t\t\t\t\t\t\t\t\t\t\t\t\t\t\t<img alt=\"\" fetchpriority=\"high\" decoding=\"async\" width=\"790\" height=\"995\" src=\"https:\/\/www.chinatoolingsolutions.com\/wp-content\/uploads\/2025\/04\/\u56fe\u724710-1.jpg\" class=\"attachment-full size-full wp-image-1687\" srcset=\"https:\/\/www.chinatoolingsolutions.com\/wp-content\/uploads\/2025\/04\/\u56fe\u724710-1.jpg 790w, https:\/\/www.chinatoolingsolutions.com\/wp-content\/uploads\/2025\/04\/\u56fe\u724710-1-238x300.jpg 238w, https:\/\/www.chinatoolingsolutions.com\/wp-content\/uploads\/2025\/04\/\u56fe\u724710-1-768x967.jpg 768w\" sizes=\"(max-width: 790px) 100vw, 790px\" \/>\t\t\t\t\t\t\t\t\t\t\t\t\t\t\t<\/div>\n\t\t\t\t<\/div>\n\t\t\t\t<\/div>\n\t\t\t\t<\/div>\n\t\t<div class=\"elementor-element elementor-element-2b07b82 e-con-full e-flex e-con e-child\" data-id=\"2b07b82\" data-element_type=\"container\">\n\t\t<div class=\"elementor-element elementor-element-e8e4c04 e-con-full e-flex e-con e-child\" data-id=\"e8e4c04\" data-element_type=\"container\">\n\t\t\t\t<div class=\"elementor-element elementor-element-330a87e elementor-widget elementor-widget-heading\" data-id=\"330a87e\" data-element_type=\"widget\" data-widget_type=\"heading.default\">\n\t\t\t\t<div class=\"elementor-widget-container\">\n\t\t\t\t\t<h2 class=\"elementor-heading-title elementor-size-default\">Mission de l'Alliance\n\n<\/h2>\t\t\t\t<\/div>\n\t\t\t\t<\/div>\n\t\t\t\t<div class=\"elementor-element elementor-element-045a616 elementor-view-stacked elementor-position-left elementor-shape-circle elementor-mobile-position-top elementor-vertical-align-top elementor-widget elementor-widget-icon-box\" data-id=\"045a616\" data-element_type=\"widget\" data-widget_type=\"icon-box.default\">\n\t\t\t\t<div class=\"elementor-widget-container\">\n\t\t\t\t\t\t\t<div class=\"elementor-icon-box-wrapper\">\n\n\t\t\t\t\t\t<div class=\"elementor-icon-box-icon\">\n\t\t\t\t<span  class=\"elementor-icon\">\n\t\t\t\t<svg aria-hidden=\"true\" class=\"e-font-icon-svg e-fas-angle-right\" viewbox=\"0 0 256 512\" xmlns=\"http:\/\/www.w3.org\/2000\/svg\"><path d=\"M224.3 273l-136 136c-9.4 9.4-24.6 9.4-33.9 0l-22.6-22.6c-9.4-9.4-9.4-24.6 0-33.9l96.4-96.4-96.4-96.4c-9.4-9.4-9.4-24.6 0-33.9L54.3 103c9.4-9.4 24.6-9.4 33.9 0l136 136c9.5 9.4 9.5 24.6.1 34z\"><\/path><\/svg>\t\t\t\t<\/span>\n\t\t\t<\/div>\n\t\t\t\n\t\t\t\t\t\t<div class=\"elementor-icon-box-content\">\n\n\t\t\t\t\t\t\t\t\t<h3 class=\"elementor-icon-box-title\">\n\t\t\t\t\t\t<span  >\n\t\t\t\t\t\t\tRenforcer la modernisation de l'industrie automobile mondiale gr\u00e2ce \u00e0 l'innovation technologique\t\t\t\t\t\t<\/span>\n\t\t\t\t\t<\/h3>\n\t\t\t\t\n\t\t\t\t\t\t\t\t\t<p class=\"elementor-icon-box-description\">\n\t\t\t\t\t\tEn continuant \u00e0 \u00e9tudier les technologies de pointe et en \u00e9liminant constamment les goulets d'\u00e9tranglement techniques, nous nous engageons \u00e0 insuffler une nouvelle vitalit\u00e9 \u00e0 l'industrie automobile mondiale gr\u00e2ce \u00e0 des r\u00e9alisations innovantes issues de la recherche et du d\u00e9veloppement ind\u00e9pendants, et \u00e0 lui donner les moyens de se moderniser et de se d\u00e9velopper \u00e0 pas de g\u00e9ant dans toutes les directions.\n\t\t\t\t\t<\/p>\n\t\t\t\t\n\t\t\t<\/div>\n\t\t\t\n\t\t<\/div>\n\t\t\t\t\t\t<\/div>\n\t\t\t\t<\/div>\n\t\t\t\t<div class=\"elementor-element elementor-element-eb77b88 elementor-view-stacked elementor-position-left elementor-shape-circle elementor-mobile-position-top elementor-vertical-align-top elementor-widget elementor-widget-icon-box\" data-id=\"eb77b88\" data-element_type=\"widget\" data-widget_type=\"icon-box.default\">\n\t\t\t\t<div class=\"elementor-widget-container\">\n\t\t\t\t\t\t\t<div class=\"elementor-icon-box-wrapper\">\n\n\t\t\t\t\t\t<div class=\"elementor-icon-box-icon\">\n\t\t\t\t<span  class=\"elementor-icon\">\n\t\t\t\t<svg aria-hidden=\"true\" class=\"e-font-icon-svg e-fas-angle-right\" viewbox=\"0 0 256 512\" xmlns=\"http:\/\/www.w3.org\/2000\/svg\"><path d=\"M224.3 273l-136 136c-9.4 9.4-24.6 9.4-33.9 0l-22.6-22.6c-9.4-9.4-9.4-24.6 0-33.9l96.4-96.4-96.4-96.4c-9.4-9.4-9.4-24.6 0-33.9L54.3 103c9.4-9.4 24.6-9.4 33.9 0l136 136c9.5 9.4 9.5 24.6.1 34z\"><\/path><\/svg>\t\t\t\t<\/span>\n\t\t\t<\/div>\n\t\t\t\n\t\t\t\t\t\t<div class=\"elementor-icon-box-content\">\n\n\t\t\t\t\t\t\t\t\t<h3 class=\"elementor-icon-box-title\">\n\t\t\t\t\t\t<span  >\n\t\t\t\t\t\t\tPromouvoir la fabrication \u00e9cologique et la transformation des usines num\u00e9riques\t\t\t\t\t\t<\/span>\n\t\t\t\t\t<\/h3>\n\t\t\t\t\n\t\t\t\t\t\t\t\t\t<p class=\"elementor-icon-box-description\">\n\t\t\t\t\t\tNous participons activement \u00e0 la transformation de la fabrication \u00e9cologique et de l'usine num\u00e9rique, et nous construisons un syst\u00e8me de production intelligent en introduisant des technologies de protection de l'environnement, en am\u00e9liorant les \u00e9quipements d'\u00e9conomie d'\u00e9nergie et en int\u00e9grant la technologie num\u00e9rique pour promouvoir pleinement la transformation \u00e9cologique et num\u00e9rique du mode de fabrication.\n\t\t\t\t\t<\/p>\n\t\t\t\t\n\t\t\t<\/div>\n\t\t\t\n\t\t<\/div>\n\t\t\t\t\t\t<\/div>\n\t\t\t\t<\/div>\n\t\t\t\t<\/div>\n\t\t<div class=\"elementor-element elementor-element-7af236e e-con-full e-flex e-con e-child\" data-id=\"7af236e\" data-element_type=\"container\">\n\t\t\t\t<div class=\"elementor-element elementor-element-23a47f5 elementor-widget elementor-widget-image\" data-id=\"23a47f5\" data-element_type=\"widget\" data-widget_type=\"image.default\">\n\t\t\t\t<div class=\"elementor-widget-container\">\n\t\t\t\t\t\t\t\t\t\t\t\t\t\t\t<img alt=\"\" decoding=\"async\" width=\"867\" height=\"1024\" src=\"https:\/\/www.chinatoolingsolutions.com\/wp-content\/uploads\/2025\/04\/\u56fe\u724712-867x1024.jpg\" class=\"attachment-large size-large wp-image-1686\" srcset=\"https:\/\/www.chinatoolingsolutions.com\/wp-content\/uploads\/2025\/04\/\u56fe\u724712-867x1024.jpg 867w, https:\/\/www.chinatoolingsolutions.com\/wp-content\/uploads\/2025\/04\/\u56fe\u724712-254x300.jpg 254w, https:\/\/www.chinatoolingsolutions.com\/wp-content\/uploads\/2025\/04\/\u56fe\u724712-768x907.jpg 768w, https:\/\/www.chinatoolingsolutions.com\/wp-content\/uploads\/2025\/04\/\u56fe\u724712.jpg 963w\" sizes=\"(max-width: 867px) 100vw, 867px\" \/>\t\t\t\t\t\t\t\t\t\t\t\t\t\t\t<\/div>\n\t\t\t\t<\/div>\n\t\t\t\t<\/div>\n\t\t\t\t<\/div>\n\t\t\t\t\t<\/div>\n\t\t\t\t<\/div>\n\t\t\t\t<\/div>","protected":false},"excerpt":{"rendered":"<p>Alliance vision On the broad stage of the global automotive tooling field, we are determined to become a shining China business card with lofty aspirations. Based on profound technical knowledge, we gather top talents in the industry and constantly explore innovative tooling design and manufacturing technology. With the persistence of quality, we strictly control every [&hellip;]<\/p>","protected":false},"author":1,"featured_media":0,"parent":0,"menu_order":0,"comment_status":"closed","ping_status":"closed","template":"","meta":{"_seopress_robots_primary_cat":"","_seopress_titles_title":"","_seopress_titles_desc":"","_seopress_robots_index":"","footnotes":""},"class_list":["post-1598","page","type-page","status-publish","hentry"],"blocksy_meta":{"vertical_spacing_source":"custom","content_area_spacing":"top","styles_descriptor":{"styles":{"desktop":"","tablet":"","mobile":""},"google_fonts":[],"version":6}},"_links":{"self":[{"href":"https:\/\/www.chinatoolingsolutions.com\/fr\/wp-json\/wp\/v2\/pages\/1598","targetHints":{"allow":["GET"]}}],"collection":[{"href":"https:\/\/www.chinatoolingsolutions.com\/fr\/wp-json\/wp\/v2\/pages"}],"about":[{"href":"https:\/\/www.chinatoolingsolutions.com\/fr\/wp-json\/wp\/v2\/types\/page"}],"author":[{"embeddable":true,"href":"https:\/\/www.chinatoolingsolutions.com\/fr\/wp-json\/wp\/v2\/users\/1"}],"replies":[{"embeddable":true,"href":"https:\/\/www.chinatoolingsolutions.com\/fr\/wp-json\/wp\/v2\/comments?post=1598"}],"version-history":[{"count":31,"href":"https:\/\/www.chinatoolingsolutions.com\/fr\/wp-json\/wp\/v2\/pages\/1598\/revisions"}],"predecessor-version":[{"id":1740,"href":"https:\/\/www.chinatoolingsolutions.com\/fr\/wp-json\/wp\/v2\/pages\/1598\/revisions\/1740"}],"wp:attachment":[{"href":"https:\/\/www.chinatoolingsolutions.com\/fr\/wp-json\/wp\/v2\/media?parent=1598"}],"curies":[{"name":"wp","href":"https:\/\/api.w.org\/{rel}","templated":true}]}}