{"id":991,"date":"2022-06-10T08:40:32","date_gmt":"2022-06-10T08:40:32","guid":{"rendered":"https:\/\/startersites.io\/elementor\/persona\/?page_id=991"},"modified":"2026-04-23T14:21:58","modified_gmt":"2026-04-23T06:21:58","slug":"alliance-introduction","status":"publish","type":"page","link":"https:\/\/www.chinatoolingsolutions.com\/es\/","title":{"rendered":"Alianza Introducci\u00f3n"},"content":{"rendered":"<div data-elementor-type=\"wp-page\" data-elementor-id=\"991\" class=\"elementor elementor-991\" data-elementor-post-type=\"page\">\n\t\t\t\t<div class=\"elementor-element elementor-element-9e2839f e-flex e-con-boxed e-con e-parent\" data-id=\"9e2839f\" data-element_type=\"container\" data-settings=\"{&quot;background_background&quot;:&quot;classic&quot;}\">\n\t\t\t\t\t<div class=\"e-con-inner\">\n\t\t<div class=\"elementor-element elementor-element-4f1cdcf e-con-full e-flex e-con e-child\" data-id=\"4f1cdcf\" data-element_type=\"container\">\n\t\t\t\t<div class=\"elementor-element elementor-element-becc1ee elementor-widget elementor-widget-text-editor\" data-id=\"becc1ee\" data-element_type=\"widget\" data-widget_type=\"text-editor.default\">\n\t\t\t\t<div class=\"elementor-widget-container\">\n\t\t\t\t\t\t\t\t\t<p>Hola, somos<\/p>\t\t\t\t\t\t\t\t<\/div>\n\t\t\t\t<\/div>\n\t\t\t\t<div class=\"elementor-element elementor-element-498f846 elementor-widget elementor-widget-heading\" data-id=\"498f846\" data-element_type=\"widget\" data-widget_type=\"heading.default\">\n\t\t\t\t<div class=\"elementor-widget-container\">\n\t\t\t\t\t<h2 class=\"elementor-heading-title elementor-size-default\">Soluciones de mecanizado en China<\/h2>\t\t\t\t<\/div>\n\t\t\t\t<\/div>\n\t\t\t\t<div class=\"elementor-element elementor-element-92671d6 elementor-widget elementor-widget-text-editor\" data-id=\"92671d6\" data-element_type=\"widget\" data-widget_type=\"text-editor.default\">\n\t\t\t\t<div class=\"elementor-widget-container\">\n\t\t\t\t\t\t\t\t\t<p>Soluciones integrales de utillaje para la fabricaci\u00f3n de autom\u00f3viles<\/p>\t\t\t\t\t\t\t\t<\/div>\n\t\t\t\t<\/div>\n\t\t\t\t<div class=\"elementor-element elementor-element-4c9a3b7 elementor-widget elementor-widget-text-editor\" data-id=\"4c9a3b7\" data-element_type=\"widget\" data-widget_type=\"text-editor.default\">\n\t\t\t\t<div class=\"elementor-widget-container\">\n\t\t\t\t\t\t\t\t\t<p>CTS - Alianza de los principales proveedores chinos de utillaje<\/p>\t\t\t\t\t\t\t\t<\/div>\n\t\t\t\t<\/div>\n\t\t\t\t<\/div>\n\t\t\t\t\t<\/div>\n\t\t\t\t<\/div>\n\t\t<div class=\"elementor-element elementor-element-2682066 e-flex e-con-boxed e-con e-parent\" data-id=\"2682066\" data-element_type=\"container\">\n\t\t\t\t\t<div class=\"e-con-inner\">\n\t\t<div class=\"elementor-element elementor-element-75f55af e-con-full e-flex e-con e-child\" data-id=\"75f55af\" data-element_type=\"container\">\n\t\t<div class=\"elementor-element elementor-element-fdba92b e-con-full e-flex e-con e-child\" data-id=\"fdba92b\" data-element_type=\"container\">\n\t\t<div class=\"elementor-element elementor-element-0d37965 e-con-full e-flex e-con e-child\" data-id=\"0d37965\" data-element_type=\"container\">\n\t\t\t\t<div class=\"elementor-element elementor-element-b2acec8 elementor-widget elementor-widget-image\" data-id=\"b2acec8\" data-element_type=\"widget\" data-widget_type=\"image.default\">\n\t\t\t\t<div class=\"elementor-widget-container\">\n\t\t\t\t\t\t\t\t\t\t\t\t\t\t\t<img alt=\"\" fetchpriority=\"high\" decoding=\"async\" width=\"1014\" height=\"1012\" src=\"https:\/\/www.chinatoolingsolutions.com\/wp-content\/uploads\/2025\/04\/\u5fae\u4fe1\u622a\u56fe_20250409212816.jpg\" class=\"attachment-large size-large wp-image-1518\" srcset=\"https:\/\/www.chinatoolingsolutions.com\/wp-content\/uploads\/2025\/04\/\u5fae\u4fe1\u622a\u56fe_20250409212816.jpg 1014w, https:\/\/www.chinatoolingsolutions.com\/wp-content\/uploads\/2025\/04\/\u5fae\u4fe1\u622a\u56fe_20250409212816-300x300.jpg 300w, https:\/\/www.chinatoolingsolutions.com\/wp-content\/uploads\/2025\/04\/\u5fae\u4fe1\u622a\u56fe_20250409212816-150x150.jpg 150w, https:\/\/www.chinatoolingsolutions.com\/wp-content\/uploads\/2025\/04\/\u5fae\u4fe1\u622a\u56fe_20250409212816-768x766.jpg 768w\" sizes=\"(max-width: 1014px) 100vw, 1014px\" \/>\t\t\t\t\t\t\t\t\t\t\t\t\t\t\t<\/div>\n\t\t\t\t<\/div>\n\t\t\t\t<\/div>\n\t\t<div class=\"elementor-element elementor-element-ca238ff e-con-full e-flex e-con e-child\" data-id=\"ca238ff\" data-element_type=\"container\">\n\t\t\t\t<div class=\"elementor-element elementor-element-6fd49c0 elementor-widget elementor-widget-heading\" data-id=\"6fd49c0\" data-element_type=\"widget\" data-widget_type=\"heading.default\">\n\t\t\t\t<div class=\"elementor-widget-container\">\n\t\t\t\t\t<h2 class=\"elementor-heading-title elementor-size-default\">POSICI\u00d3N DE ALIANZA<\/h2>\t\t\t\t<\/div>\n\t\t\t\t<\/div>\n\t\t\t\t<div class=\"elementor-element elementor-element-26ace90 elementor-widget elementor-widget-text-editor\" data-id=\"26ace90\" data-element_type=\"widget\" data-widget_type=\"text-editor.default\">\n\t\t\t\t<div class=\"elementor-widget-container\">\n\t\t\t\t\t\t\t\t\t<p>China Tooling Solutions (CTS) es una alianza l\u00edder en herramientas de automoci\u00f3n. Nuestra actividad abarca todo el proceso de dise\u00f1o y fabricaci\u00f3n de autom\u00f3viles, incluyendo prototipos, estampaci\u00f3n, soldadura, pintura y montaje general.<\/p>\t\t\t\t\t\t\t\t<\/div>\n\t\t\t\t<\/div>\n\t\t\t\t<div class=\"elementor-element elementor-element-97da2bb elementor-widget elementor-widget-text-editor\" data-id=\"97da2bb\" data-element_type=\"widget\" data-widget_type=\"text-editor.default\">\n\t\t\t\t<div class=\"elementor-widget-container\">\n\t\t\t\t\t\t\t\t\t<ul><li>Integraci\u00f3n de los recursos de fabricaci\u00f3n inteligente de China al servicio de la industria automovil\u00edstica mundial\u3002<\/li><li>Fomento de la innovaci\u00f3n tecnol\u00f3gica y el desarrollo sostenible ecol\u00f3gico en la industria de fabricaci\u00f3n de autom\u00f3viles.<\/li><\/ul>\t\t\t\t\t\t\t\t<\/div>\n\t\t\t\t<\/div>\n\t\t\t\t<\/div>\n\t\t\t\t<\/div>\n\t\t<div class=\"elementor-element elementor-element-56d706f e-con-full e-flex e-con e-child\" data-id=\"56d706f\" data-element_type=\"container\">\n\t\t<div class=\"elementor-element elementor-element-7d3ae32 e-con-full e-flex e-con e-child\" data-id=\"7d3ae32\" data-element_type=\"container\">\n\t\t\t\t<div class=\"elementor-element elementor-element-9d188b6 elementor-widget elementor-widget-heading\" data-id=\"9d188b6\" data-element_type=\"widget\" data-widget_type=\"heading.default\">\n\t\t\t\t<div class=\"elementor-widget-container\">\n\t\t\t\t\t<h2 class=\"elementor-heading-title elementor-size-default\">Red de clientes en todo el mundo\n<\/h2>\t\t\t\t<\/div>\n\t\t\t\t<\/div>\n\t\t\t\t<\/div>\n\t\t<div class=\"elementor-element elementor-element-92d05c3 e-con-full e-flex e-con e-child\" data-id=\"92d05c3\" data-element_type=\"container\">\n\t\t\t\t<div class=\"elementor-element elementor-element-d670fca elementor-widget elementor-widget-image\" data-id=\"d670fca\" data-element_type=\"widget\" data-widget_type=\"image.default\">\n\t\t\t\t<div class=\"elementor-widget-container\">\n\t\t\t\t\t\t\t\t\t\t\t\t\t\t\t<img alt=\"\" decoding=\"async\" width=\"1024\" height=\"481\" src=\"https:\/\/www.chinatoolingsolutions.com\/wp-content\/uploads\/2025\/04\/\u56fe\u72472-1-1024x481.jpg\" class=\"attachment-large size-large wp-image-1524\" srcset=\"https:\/\/www.chinatoolingsolutions.com\/wp-content\/uploads\/2025\/04\/\u56fe\u72472-1-1024x481.jpg 1024w, https:\/\/www.chinatoolingsolutions.com\/wp-content\/uploads\/2025\/04\/\u56fe\u72472-1-300x141.jpg 300w, https:\/\/www.chinatoolingsolutions.com\/wp-content\/uploads\/2025\/04\/\u56fe\u72472-1-768x361.jpg 768w, https:\/\/www.chinatoolingsolutions.com\/wp-content\/uploads\/2025\/04\/\u56fe\u72472-1-1536x722.jpg 1536w, https:\/\/www.chinatoolingsolutions.com\/wp-content\/uploads\/2025\/04\/\u56fe\u72472-1.jpg 1718w\" sizes=\"(max-width: 1024px) 100vw, 1024px\" \/>\t\t\t\t\t\t\t\t\t\t\t\t\t\t\t<\/div>\n\t\t\t\t<\/div>\n\t\t\t\t<\/div>\n\t\t\t\t<\/div>\n\t\t<div class=\"elementor-element elementor-element-f134516 e-con-full e-flex e-con e-child\" data-id=\"f134516\" data-element_type=\"container\">\n\t\t\t\t<div class=\"elementor-element elementor-element-d33cd56 elementor-widget elementor-widget-image\" data-id=\"d33cd56\" data-element_type=\"widget\" data-widget_type=\"image.default\">\n\t\t\t\t<div class=\"elementor-widget-container\">\n\t\t\t\t\t\t\t\t\t\t\t\t\t\t\t<img alt=\"\" decoding=\"async\" width=\"479\" height=\"280\" src=\"https:\/\/www.chinatoolingsolutions.com\/wp-content\/uploads\/2025\/04\/\u5fae\u4fe1\u622a\u56fe_20250418132717.jpg\" class=\"attachment-large size-large wp-image-1907\" srcset=\"https:\/\/www.chinatoolingsolutions.com\/wp-content\/uploads\/2025\/04\/\u5fae\u4fe1\u622a\u56fe_20250418132717.jpg 479w, https:\/\/www.chinatoolingsolutions.com\/wp-content\/uploads\/2025\/04\/\u5fae\u4fe1\u622a\u56fe_20250418132717-300x175.jpg 300w\" sizes=\"(max-width: 479px) 100vw, 479px\" \/>\t\t\t\t\t\t\t\t\t\t\t\t\t\t\t<\/div>\n\t\t\t\t<\/div>\n\t\t\t\t<div class=\"elementor-element elementor-element-9760bb6 elementor-widget elementor-widget-image\" data-id=\"9760bb6\" data-element_type=\"widget\" data-widget_type=\"image.default\">\n\t\t\t\t<div class=\"elementor-widget-container\">\n\t\t\t\t\t\t\t\t\t\t\t\t\t\t\t<img alt=\"\" loading=\"lazy\" decoding=\"async\" width=\"478\" height=\"279\" src=\"https:\/\/www.chinatoolingsolutions.com\/wp-content\/uploads\/2025\/04\/\u5fae\u4fe1\u622a\u56fe_20250418132737.jpg\" class=\"attachment-large size-large wp-image-1908\" srcset=\"https:\/\/www.chinatoolingsolutions.com\/wp-content\/uploads\/2025\/04\/\u5fae\u4fe1\u622a\u56fe_20250418132737.jpg 478w, https:\/\/www.chinatoolingsolutions.com\/wp-content\/uploads\/2025\/04\/\u5fae\u4fe1\u622a\u56fe_20250418132737-300x175.jpg 300w\" sizes=\"(max-width: 478px) 100vw, 478px\" \/>\t\t\t\t\t\t\t\t\t\t\t\t\t\t\t<\/div>\n\t\t\t\t<\/div>\n\t\t\t\t<div class=\"elementor-element elementor-element-fd39d17 elementor-widget elementor-widget-image\" data-id=\"fd39d17\" data-element_type=\"widget\" data-widget_type=\"image.default\">\n\t\t\t\t<div class=\"elementor-widget-container\">\n\t\t\t\t\t\t\t\t\t\t\t\t\t\t\t<img alt=\"\" loading=\"lazy\" decoding=\"async\" width=\"478\" height=\"280\" src=\"https:\/\/www.chinatoolingsolutions.com\/wp-content\/uploads\/2025\/04\/\u5fae\u4fe1\u622a\u56fe_20250418132806.jpg\" class=\"attachment-large size-large wp-image-1909\" srcset=\"https:\/\/www.chinatoolingsolutions.com\/wp-content\/uploads\/2025\/04\/\u5fae\u4fe1\u622a\u56fe_20250418132806.jpg 478w, https:\/\/www.chinatoolingsolutions.com\/wp-content\/uploads\/2025\/04\/\u5fae\u4fe1\u622a\u56fe_20250418132806-300x176.jpg 300w\" sizes=\"(max-width: 478px) 100vw, 478px\" \/>\t\t\t\t\t\t\t\t\t\t\t\t\t\t\t<\/div>\n\t\t\t\t<\/div>\n\t\t\t\t<\/div>\n\t\t\t\t<\/div>\n\t\t\t\t\t<\/div>\n\t\t\t\t<\/div>\n\t\t<div class=\"elementor-element elementor-element-5149d48 e-flex e-con-boxed e-con e-parent\" data-id=\"5149d48\" data-element_type=\"container\">\n\t\t\t\t\t<div class=\"e-con-inner\">\n\t\t<div class=\"elementor-element elementor-element-f2aeacd e-con-full e-flex e-con e-child\" data-id=\"f2aeacd\" data-element_type=\"container\">\n\t\t\t\t<div class=\"elementor-element elementor-element-cc674ea ct-advanced-heading elementor-widget elementor-widget-heading\" data-id=\"cc674ea\" data-element_type=\"widget\" data-widget_type=\"heading.default\">\n\t\t\t\t<div class=\"elementor-widget-container\">\n\t\t\t\t\t<h2 class=\"elementor-heading-title elementor-size-default\">Noticias<\/h2>\t\t\t\t<\/div>\n\t\t\t\t<\/div>\n\t\t\t\t<\/div>\n\t\t\t\t\t<\/div>\n\t\t\t\t<\/div>\n\t\t<div class=\"elementor-element elementor-element-5b938f9 e-flex e-con-boxed e-con e-parent\" data-id=\"5b938f9\" data-element_type=\"container\">\n\t\t\t\t\t<div class=\"e-con-inner\">\n\t\t\t\t<div class=\"elementor-element elementor-element-0db6954 elementor-widget elementor-widget-shortcode\" data-id=\"0db6954\" data-element_type=\"widget\" data-widget_type=\"shortcode.default\">\n\t\t\t\t<div class=\"elementor-widget-container\">\n\t\t\t\t\t\t\t<div class=\"elementor-shortcode\"><div class=\"ct-posts-shortcode\" data-prefix=\"blog\"><div class=\"entries\" data-archive=\"default\" data-layout=\"grid\" data-cards=\"boxed\" data-hover=\"zoom-in\"><article class=\"entry-card card-content post-763 post type-post status-publish format-standard has-post-thumbnail hentry category-uncategorized\" data-reveal=\"bottom:no\"><a class=\"ct-media-container boundless-image has-hover-effect\" href=\"https:\/\/www.chinatoolingsolutions.com\/es\/quisque-iddiam-velquam-elementum-pulvinar\/\" aria-label=\"\u00bfQu\u00e9 es BIW?\"><img loading=\"lazy\" decoding=\"async\" width=\"717\" height=\"552\" src=\"https:\/\/www.chinatoolingsolutions.com\/wp-content\/uploads\/2025\/04\/\u56fe\u72478.jpg\" class=\"attachment-medium_large size-medium_large wp-post-image\" alt=\"\" srcset=\"https:\/\/www.chinatoolingsolutions.com\/wp-content\/uploads\/2025\/04\/\u56fe\u72478.jpg 717w, https:\/\/www.chinatoolingsolutions.com\/wp-content\/uploads\/2025\/04\/\u56fe\u72478-300x231.jpg 300w\" sizes=\"auto, (max-width: 717px) 100vw, 717px\" itemprop=\"image\" style=\"aspect-ratio: 1\/1;\" \/><\/a><ul class=\"entry-meta\" data-type=\"simple:slash\" data-id=\"WO_5vt\" ><li class=\"meta-author\" itemprop=\"author\" itemscope=\"\" itemtype=\"https:\/\/schema.org\/Person\"><a class=\"ct-meta-element-author\" href=\"https:\/\/www.chinatoolingsolutions.com\/es\/author\/adminn\/\" title=\"Entradas de adminn\" rel=\"author\" itemprop=\"url\"><span itemprop=\"name\">adminn<\/span><\/a><\/li><li class=\"meta-date\" itemprop=\"datePublished\"><time class=\"ct-meta-element-date\" datetime=\"2021-06-15T13:23:44+08:00\">15\/06\/2021<\/time><\/li><\/ul><h2 class=\"entry-title\"><a href=\"https:\/\/www.chinatoolingsolutions.com\/es\/quisque-iddiam-velquam-elementum-pulvinar\/\" rel=\"bookmark\">\u00bfQu\u00e9 es BIW?<\/a><\/h2><\/article><article class=\"entry-card card-content post-760 post type-post status-publish format-standard has-post-thumbnail hentry category-uncategorized\" data-reveal=\"bottom:no\"><a class=\"ct-media-container boundless-image has-hover-effect\" href=\"https:\/\/www.chinatoolingsolutions.com\/es\/pellentesque-eliteget-gravida-cum-ornare\/\" aria-label=\"\u00bfQu\u00e9 son las matrices de conformado en caliente para autom\u00f3viles?\"><img loading=\"lazy\" decoding=\"async\" width=\"717\" height=\"552\" src=\"https:\/\/www.chinatoolingsolutions.com\/wp-content\/uploads\/2025\/04\/\u56fe\u72477.jpg\" class=\"attachment-medium_large size-medium_large wp-post-image\" alt=\"\" srcset=\"https:\/\/www.chinatoolingsolutions.com\/wp-content\/uploads\/2025\/04\/\u56fe\u72477.jpg 717w, https:\/\/www.chinatoolingsolutions.com\/wp-content\/uploads\/2025\/04\/\u56fe\u72477-300x231.jpg 300w\" sizes=\"auto, (max-width: 717px) 100vw, 717px\" itemprop=\"image\" style=\"aspect-ratio: 1\/1;\" \/><\/a><ul class=\"entry-meta\" data-type=\"simple:slash\" data-id=\"WO_5vt\" ><li class=\"meta-author\" itemprop=\"author\" itemscope=\"\" itemtype=\"https:\/\/schema.org\/Person\"><a class=\"ct-meta-element-author\" href=\"https:\/\/www.chinatoolingsolutions.com\/es\/author\/adminn\/\" title=\"Entradas de adminn\" rel=\"author\" itemprop=\"url\"><span itemprop=\"name\">adminn<\/span><\/a><\/li><li class=\"meta-date\" itemprop=\"datePublished\"><time class=\"ct-meta-element-date\" datetime=\"2021-06-15T13:22:05+08:00\">15\/06\/2021<\/time><\/li><\/ul><h2 class=\"entry-title\"><a href=\"https:\/\/www.chinatoolingsolutions.com\/es\/pellentesque-eliteget-gravida-cum-ornare\/\" rel=\"bookmark\">\u00bfQu\u00e9 son las matrices de conformado en caliente para autom\u00f3viles?<\/a><\/h2><\/article><article class=\"entry-card card-content post-757 post type-post status-publish format-standard has-post-thumbnail hentry category-new\" data-reveal=\"bottom:no\"><a class=\"ct-media-container boundless-image has-hover-effect\" href=\"https:\/\/www.chinatoolingsolutions.com\/es\/quam-vulputate-dignissim-suspendisse-intellus\/\" aria-label=\"\u00bfQu\u00e9 son los troqueles de estampaci\u00f3n en fr\u00edo para autom\u00f3viles?\"><img loading=\"lazy\" decoding=\"async\" width=\"717\" height=\"552\" src=\"https:\/\/www.chinatoolingsolutions.com\/wp-content\/uploads\/2025\/04\/\u56fe\u72476.jpg\" class=\"attachment-medium_large size-medium_large wp-post-image\" alt=\"\" srcset=\"https:\/\/www.chinatoolingsolutions.com\/wp-content\/uploads\/2025\/04\/\u56fe\u72476.jpg 717w, https:\/\/www.chinatoolingsolutions.com\/wp-content\/uploads\/2025\/04\/\u56fe\u72476-300x231.jpg 300w\" sizes=\"auto, (max-width: 717px) 100vw, 717px\" itemprop=\"image\" style=\"aspect-ratio: 1\/1;\" \/><\/a><ul class=\"entry-meta\" data-type=\"simple:slash\" data-id=\"WO_5vt\" ><li class=\"meta-author\" itemprop=\"author\" itemscope=\"\" itemtype=\"https:\/\/schema.org\/Person\"><a class=\"ct-meta-element-author\" href=\"https:\/\/www.chinatoolingsolutions.com\/es\/author\/adminn\/\" title=\"Entradas de adminn\" rel=\"author\" itemprop=\"url\"><span itemprop=\"name\">adminn<\/span><\/a><\/li><li class=\"meta-date\" itemprop=\"datePublished\"><time class=\"ct-meta-element-date\" datetime=\"2021-06-15T13:15:31+08:00\">15\/06\/2021<\/time><\/li><\/ul><h2 class=\"entry-title\"><a href=\"https:\/\/www.chinatoolingsolutions.com\/es\/quam-vulputate-dignissim-suspendisse-intellus\/\" rel=\"bookmark\">\u00bfQu\u00e9 son los troqueles de estampaci\u00f3n en fr\u00edo para autom\u00f3viles?<\/a><\/h2><\/article><\/div><\/div><\/div>\n\t\t\t\t\t\t<\/div>\n\t\t\t\t<\/div>\n\t\t\t\t\t<\/div>\n\t\t\t\t<\/div>\n\t\t<div class=\"elementor-element elementor-element-bd6f6c1 e-flex e-con-boxed e-con e-parent\" data-id=\"bd6f6c1\" data-element_type=\"container\">\n\t\t\t\t\t<div class=\"e-con-inner\">\n\t\t\t\t<div class=\"elementor-element elementor-element-dd3a5aa elementor-widget elementor-widget-theme-site-logo elementor-widget-image\" data-id=\"dd3a5aa\" data-element_type=\"widget\" data-widget_type=\"theme-site-logo.default\">\n\t\t\t\t<div class=\"elementor-widget-container\">\n\t\t\t\t\t\t\t\t\t\t\t<a href=\"https:\/\/www.chinatoolingsolutions.com\/es\">\n\t\t\t<img alt=\"\" loading=\"lazy\" decoding=\"async\" width=\"1626\" height=\"546\" src=\"https:\/\/www.chinatoolingsolutions.com\/wp-content\/uploads\/2025\/04\/\u5fae\u4fe1\u56fe\u7247_20260423112248_601_12-scaled-e1776925279917.png\" class=\"attachment-full size-full wp-image-2167 wp-post-image\" srcset=\"https:\/\/www.chinatoolingsolutions.com\/wp-content\/uploads\/2025\/04\/\u5fae\u4fe1\u56fe\u7247_20260423112248_601_12-scaled-e1776925279917.png 1626w, https:\/\/www.chinatoolingsolutions.com\/wp-content\/uploads\/2025\/04\/\u5fae\u4fe1\u56fe\u7247_20260423112248_601_12-scaled-e1776925279917-300x101.png 300w, https:\/\/www.chinatoolingsolutions.com\/wp-content\/uploads\/2025\/04\/\u5fae\u4fe1\u56fe\u7247_20260423112248_601_12-scaled-e1776925279917-1024x344.png 1024w, https:\/\/www.chinatoolingsolutions.com\/wp-content\/uploads\/2025\/04\/\u5fae\u4fe1\u56fe\u7247_20260423112248_601_12-scaled-e1776925279917-768x258.png 768w, https:\/\/www.chinatoolingsolutions.com\/wp-content\/uploads\/2025\/04\/\u5fae\u4fe1\u56fe\u7247_20260423112248_601_12-scaled-e1776925279917-1536x516.png 1536w, https:\/\/www.chinatoolingsolutions.com\/wp-content\/uploads\/2025\/04\/\u5fae\u4fe1\u56fe\u7247_20260423112248_601_12-scaled-e1776925279917-18x6.png 18w\" sizes=\"(max-width: 1626px) 100vw, 1626px\" \/>\t\t\t\t<\/a>\n\t\t\t\t\t\t\t\t\t\t\t<\/div>\n\t\t\t\t<\/div>\n\t\t\t\t\t<\/div>\n\t\t\t\t<\/div>\n\t\t\t\t<\/div>","protected":false},"excerpt":{"rendered":"<p>Hello, we are China Tooling Solutions One-stop automobile manufacturing tooling solutions CTS &#8211; Alliance of top Chinese tooling suppliers ALLIANCE POSITION China Tooling Solutions (CTS) is a leading one-stop automobile tooling alliance. Our business covers the whole process of automobile design and manufacturing including prototype, stamping, welding, painting and general assembly . Integrating China&#8217;s intelligent [&hellip;]<\/p>","protected":false},"author":1,"featured_media":0,"parent":0,"menu_order":0,"comment_status":"closed","ping_status":"closed","template":"","meta":{"_seopress_robots_primary_cat":"","_seopress_titles_title":"","_seopress_titles_desc":"","_seopress_robots_index":"","footnotes":""},"class_list":["post-991","page","type-page","status-publish","hentry"],"blocksy_meta":{"styles_descriptor":{"styles":{"desktop":"","tablet":"","mobile":""},"google_fonts":[],"version":6},"page_title_panel":"","has_hero_section":"disabled","1f7524ba27561c265e6fd8b7c913ef1d":"","hero_section":"type-1","hero_elements":[{"id":"custom_title","enabled":true,"heading_tag":"h1","title":"Home"},{"id":"custom_description","enabled":true,"description_visibility":{"desktop":true,"tablet":true,"mobile":false}},{"id":"custom_meta","enabled":false,"meta_elements":[{"id":"author","enabled":true,"label":"By","has_author_avatar":"yes","avatar_size":25},{"id":"post_date","enabled":true,"label":"On","date_format_source":"default","date_format":"M j, Y"},{"id":"updated_date","enabled":false,"label":"On","date_format_source":"default","date_format":"M j, Y"},{"id":"categories","enabled":false,"label":"In","style":"simple"},{"id":"comments","enabled":true}],"page_meta_elements":{"joined":true,"articles_count":true,"comments":true}},{"id":"breadcrumbs","enabled":false}],"a99e0e6d2427999ed1fbee2cfb893458":"","hero_alignment1":"CT_CSS_SKIP_RULE","hero_margin":40,"hero_alignment2":"center","hero_vertical_alignment":"center","2fc489c98e1363321479953fa4b8cd68":"","hero_structure":"narrow","938576fa561f9aeaa8b7f4787fffda34":"","page_title_bg_type":"featured_image","custom_hero_background":{"attachment_id":null},"page_title_image_size":"full","parallax":{"desktop":false,"tablet":false,"mobile":false},"130da00d72d5a31684bc5e3e171fdcec":"","hero_height":"250px","pageTitleFont":{"family":"Default","variation":"Default","size":"30px","line-height":"CT_CSS_SKIP_RULE","letter-spacing":"CT_CSS_SKIP_RULE","text-transform":"CT_CSS_SKIP_RULE","text-decoration":"CT_CSS_SKIP_RULE"},"pageTitleFontColor":{"default":{"color":"CT_CSS_SKIP_RULEDEFAULT"}},"pageMetaFont":{"family":"Default","variation":"n6","size":"12px","line-height":"1.3","letter-spacing":"CT_CSS_SKIP_RULE","text-transform":"uppercase","text-decoration":"CT_CSS_SKIP_RULE"},"pageMetaFontColor":{"default":{"color":"CT_CSS_SKIP_RULEDEFAULT"},"hover":{"color":"CT_CSS_SKIP_RULEDEFAULT"}},"page_meta_button_type_font_colors":{"default":{"color":"CT_CSS_SKIP_RULEDEFAULT"},"hover":{"color":"CT_CSS_SKIP_RULEDEFAULT"}},"page_meta_button_type_background_colors":{"default":{"color":"CT_CSS_SKIP_RULEDEFAULT"},"hover":{"color":"CT_CSS_SKIP_RULEDEFAULT"}},"pageExcerptFont":{"family":"Default","variation":"Default","size":"CT_CSS_SKIP_RULE","line-height":"CT_CSS_SKIP_RULE","letter-spacing":"CT_CSS_SKIP_RULE","text-transform":"CT_CSS_SKIP_RULE","text-decoration":"CT_CSS_SKIP_RULE"},"pageExcerptColor":{"default":{"color":"CT_CSS_SKIP_RULEDEFAULT"}},"breadcrumbsFont":{"family":"Default","variation":"Default","size":"CT_CSS_SKIP_RULE","line-height":"CT_CSS_SKIP_RULE","letter-spacing":"CT_CSS_SKIP_RULE","text-transform":"CT_CSS_SKIP_RULE","text-decoration":"CT_CSS_SKIP_RULE"},"breadcrumbsFontColor":{"default":{"color":"CT_CSS_SKIP_RULEDEFAULT"},"initial":{"color":"CT_CSS_SKIP_RULEDEFAULT"},"hover":{"color":"CT_CSS_SKIP_RULEDEFAULT"}},"pageTitleOverlay":{"background_type":"color","background_pattern":"type-1","background_image":{"attachment_id":null,"x":0,"y":0},"gradient":"linear-gradient(135deg,rgba(6,147,227,1) 0%,rgb(155,81,224) 100%)","background_repeat":"repeat","background_size":"auto","background_attachment":"scroll","patternColor":{"default":{"color":"#e5e7ea"}},"overlayColor":{"default":{"color":"CT_CSS_SKIP_RULE"}},"backgroundColor":{"default":{"color":"CT_CSS_SKIP_RULE"}}},"pageTitleBackground":{"background_type":"color","background_pattern":"type-1","background_image":{"attachment_id":null,"x":0,"y":0},"gradient":"linear-gradient(135deg,rgba(6,147,227,1) 0%,rgb(155,81,224) 100%)","background_repeat":"repeat","background_size":"auto","background_attachment":"scroll","patternColor":{"default":{"color":"#e5e7ea"}},"overlayColor":{"default":{"color":"CT_CSS_SKIP_RULE"}},"backgroundColor":{"default":{"color":"var(--theme-palette-color-6)"}}},"pageTitlePadding":{"top":"50px","bottom":"50px","left":"auto","right":"auto","linked":true},"8bc89b95f936a8ddaf48463530594767":"","page_structure_type":"default","9087b0fa00a0936481b758d6f5d71cbf":"","content_style_source":"inherit","content_style":"wide","vertical_spacing_source":"custom","content_area_spacing":"none","background":{"background_type":"color","background_pattern":"type-1","background_image":{"attachment_id":null,"x":0,"y":0},"gradient":"linear-gradient(135deg,rgba(6,147,227,1) 0%,rgb(155,81,224) 100%)","background_repeat":"repeat","background_size":"auto","background_attachment":"scroll","patternColor":{"default":{"color":"#e5e7ea"}},"overlayColor":{"default":{"color":"CT_CSS_SKIP_RULE"}},"backgroundColor":{"default":{"color":"CT_CSS_SKIP_RULE"}}},"content_background":{"background_type":"color","background_pattern":"type-1","background_image":{"attachment_id":null,"x":0,"y":0},"gradient":"linear-gradient(135deg,rgba(6,147,227,1) 0%,rgb(155,81,224) 100%)","background_repeat":"repeat","background_size":"auto","background_attachment":"scroll","patternColor":{"default":{"color":"#e5e7ea"}},"overlayColor":{"default":{"color":"CT_CSS_SKIP_RULE"}},"backgroundColor":{"default":{"color":"var(--theme-palette-color-8)"}}},"content_boxed_shadow":{"inherit":false,"blur":18,"spread":-6,"v_offset":12,"h_offset":0,"inset":false,"enable":true,"color":{"color":"rgba(34, 56, 101, 0.04)"}},"content_boxed_border":{"width":1,"style":"none","color":{"color":"rgba(44,62,80,0.2)"}},"content_boxed_radius":{"top":"3px","bottom":"3px","left":"3px","right":"3px","linked":true},"boxed_content_spacing":{"desktop":{"top":"40px","bottom":"40px","left":"40px","right":"40px","linked":true},"tablet":{"top":"35px","bottom":"35px","left":"35px","right":"35px","linked":true},"mobile":{"top":"20px","bottom":"20px","left":"20px","right":"20px","linked":true}},"83abb897cbf71723441bd51cfa807ea1":"","disable_featured_image":"no","disable_share_box":"no","disable_header":"no","disable_footer":"no"},"_links":{"self":[{"href":"https:\/\/www.chinatoolingsolutions.com\/es\/wp-json\/wp\/v2\/pages\/991","targetHints":{"allow":["GET"]}}],"collection":[{"href":"https:\/\/www.chinatoolingsolutions.com\/es\/wp-json\/wp\/v2\/pages"}],"about":[{"href":"https:\/\/www.chinatoolingsolutions.com\/es\/wp-json\/wp\/v2\/types\/page"}],"author":[{"embeddable":true,"href":"https:\/\/www.chinatoolingsolutions.com\/es\/wp-json\/wp\/v2\/users\/1"}],"replies":[{"embeddable":true,"href":"https:\/\/www.chinatoolingsolutions.com\/es\/wp-json\/wp\/v2\/comments?post=991"}],"version-history":[{"count":108,"href":"https:\/\/www.chinatoolingsolutions.com\/es\/wp-json\/wp\/v2\/pages\/991\/revisions"}],"predecessor-version":[{"id":2172,"href":"https:\/\/www.chinatoolingsolutions.com\/es\/wp-json\/wp\/v2\/pages\/991\/revisions\/2172"}],"wp:attachment":[{"href":"https:\/\/www.chinatoolingsolutions.com\/es\/wp-json\/wp\/v2\/media?parent=991"}],"curies":[{"name":"wp","href":"https:\/\/api.w.org\/{rel}","templated":true}]}}