{"id":1597,"date":"2025-04-10T21:07:11","date_gmt":"2025-04-10T13:07:11","guid":{"rendered":"https:\/\/www.chinatoolingsolutions.com\/?page_id=1597"},"modified":"2025-04-11T21:27:46","modified_gmt":"2025-04-11T13:27:46","slug":"market-strategy","status":"publish","type":"page","link":"https:\/\/www.chinatoolingsolutions.com\/es\/market-strategy\/","title":{"rendered":"Estrategia de mercado"},"content":{"rendered":"<div data-elementor-type=\"wp-page\" data-elementor-id=\"1597\" class=\"elementor elementor-1597\" data-elementor-post-type=\"page\">\n\t\t\t\t<div class=\"elementor-element elementor-element-12c0952 e-flex e-con-boxed e-con e-child\" data-id=\"12c0952\" data-element_type=\"container\">\n\t\t\t\t\t<div class=\"e-con-inner\">\n\t\t<div class=\"elementor-element elementor-element-310c310 e-con-full e-flex e-con e-child\" data-id=\"310c310\" data-element_type=\"container\">\n\t\t<div class=\"elementor-element elementor-element-0781997 e-con-full e-flex e-con e-child\" data-id=\"0781997\" data-element_type=\"container\">\n\t\t\t\t<div class=\"elementor-element elementor-element-8ca1375 elementor-position-top elementor-widget elementor-widget-image-box\" data-id=\"8ca1375\" data-element_type=\"widget\" data-widget_type=\"image-box.default\">\n\t\t\t\t<div class=\"elementor-widget-container\">\n\t\t\t\t\t<div class=\"elementor-image-box-wrapper\"><figure class=\"elementor-image-box-img\"><img alt=\"\" fetchpriority=\"high\" decoding=\"async\" width=\"717\" height=\"552\" src=\"https:\/\/www.chinatoolingsolutions.com\/wp-content\/uploads\/2025\/04\/\u56fe\u72476.jpg\" class=\"attachment-full size-full wp-image-1674\" srcset=\"https:\/\/www.chinatoolingsolutions.com\/wp-content\/uploads\/2025\/04\/\u56fe\u72476.jpg 717w, https:\/\/www.chinatoolingsolutions.com\/wp-content\/uploads\/2025\/04\/\u56fe\u72476-300x231.jpg 300w\" sizes=\"(max-width: 717px) 100vw, 717px\" \/><\/figure><div class=\"elementor-image-box-content\"><h3 class=\"elementor-image-box-title\">\u00c1rea euroamericana<\/h3><p class=\"elementor-image-box-description\">Nos centramos en la carrocer\u00eda de nuevas energ\u00edas, la bandeja de bater\u00edas y otros negocios. Promover la adopci\u00f3n de China Solutionss para el utillaje de veh\u00edculos de nueva energ\u00eda en la regi\u00f3n.\n<\/p><\/div><\/div>\t\t\t\t<\/div>\n\t\t\t\t<\/div>\n\t\t\t\t<\/div>\n\t\t\t\t<\/div>\n\t\t<div class=\"elementor-element elementor-element-ca4ca41 e-con-full e-flex e-con e-child\" data-id=\"ca4ca41\" data-element_type=\"container\">\n\t\t<div class=\"elementor-element elementor-element-f428ffc e-con-full e-flex e-con e-child\" data-id=\"f428ffc\" data-element_type=\"container\">\n\t\t\t\t<div class=\"elementor-element elementor-element-7fb536c elementor-position-top elementor-widget elementor-widget-image-box\" data-id=\"7fb536c\" data-element_type=\"widget\" data-widget_type=\"image-box.default\">\n\t\t\t\t<div class=\"elementor-widget-container\">\n\t\t\t\t\t<div class=\"elementor-image-box-wrapper\"><figure class=\"elementor-image-box-img\"><img alt=\"\" decoding=\"async\" width=\"717\" height=\"552\" src=\"https:\/\/www.chinatoolingsolutions.com\/wp-content\/uploads\/2025\/04\/\u56fe\u72477.jpg\" class=\"attachment-full size-full wp-image-1675\" srcset=\"https:\/\/www.chinatoolingsolutions.com\/wp-content\/uploads\/2025\/04\/\u56fe\u72477.jpg 717w, https:\/\/www.chinatoolingsolutions.com\/wp-content\/uploads\/2025\/04\/\u56fe\u72477-300x231.jpg 300w\" sizes=\"(max-width: 717px) 100vw, 717px\" \/><\/figure><div class=\"elementor-image-box-content\"><h3 class=\"elementor-image-box-title\">Oriente Pr\u00f3ximo y Asia Central<\/h3><p class=\"elementor-image-box-description\">Centrarse en el negocio de turismos y veh\u00edculos comerciales, estudiar en profundidad la aplicaci\u00f3n de nuevos materiales y la optimizaci\u00f3n de procesos, y ofrecer soluciones para China.\n<\/p><\/div><\/div>\t\t\t\t<\/div>\n\t\t\t\t<\/div>\n\t\t\t\t<\/div>\n\t\t\t\t<\/div>\n\t\t<div class=\"elementor-element elementor-element-7633446 e-con-full e-flex e-con e-child\" data-id=\"7633446\" data-element_type=\"container\">\n\t\t<div class=\"elementor-element elementor-element-99a1e5a e-con-full e-flex e-con e-child\" data-id=\"99a1e5a\" data-element_type=\"container\">\n\t\t\t\t<div class=\"elementor-element elementor-element-1b8d75e elementor-position-top elementor-widget elementor-widget-image-box\" data-id=\"1b8d75e\" data-element_type=\"widget\" data-widget_type=\"image-box.default\">\n\t\t\t\t<div class=\"elementor-widget-container\">\n\t\t\t\t\t<div class=\"elementor-image-box-wrapper\"><figure class=\"elementor-image-box-img\"><img alt=\"\" decoding=\"async\" width=\"717\" height=\"552\" src=\"https:\/\/www.chinatoolingsolutions.com\/wp-content\/uploads\/2025\/04\/\u56fe\u72478.jpg\" class=\"attachment-full size-full wp-image-1676\" srcset=\"https:\/\/www.chinatoolingsolutions.com\/wp-content\/uploads\/2025\/04\/\u56fe\u72478.jpg 717w, https:\/\/www.chinatoolingsolutions.com\/wp-content\/uploads\/2025\/04\/\u56fe\u72478-300x231.jpg 300w\" sizes=\"(max-width: 717px) 100vw, 717px\" \/><\/figure><div class=\"elementor-image-box-content\"><h3 class=\"elementor-image-box-title\">Sudeste asi\u00e1tico<\/h3><p class=\"elementor-image-box-description\">Centrarse en el esquema de automatizaci\u00f3n de bajo coste de los veh\u00edculos de combustible y los veh\u00edculos el\u00e9ctricos, analizar en profundidad el proceso de producci\u00f3n, integrar tecnolog\u00edas de vanguardia y hacer todo lo posible para crear un esquema industrial de herramientas de bajo coste y alta eficiencia, desde la selecci\u00f3n de equipos hasta la integraci\u00f3n de sistemas.\n<\/p><\/div><\/div>\t\t\t\t<\/div>\n\t\t\t\t<\/div>\n\t\t\t\t<\/div>\n\t\t\t\t<\/div>\n\t\t\t\t\t<\/div>\n\t\t\t\t<\/div>\n\t\t\t\t<\/div>","protected":false},"excerpt":{"rendered":"<p>Euro-American area We focus on new energy body, battery tray and other businesses. To promote the adoption of China Solutionss for new energy vehicle tooling in the region. Middle East and Central Asia Focus on the business of passenger cars and commercial vehicles, deeply study the application of new materials and process optimization, and provide [&hellip;]<\/p>","protected":false},"author":1,"featured_media":0,"parent":0,"menu_order":0,"comment_status":"closed","ping_status":"closed","template":"","meta":{"_seopress_robots_primary_cat":"","_seopress_titles_title":"","_seopress_titles_desc":"","_seopress_robots_index":"","footnotes":""},"class_list":["post-1597","page","type-page","status-publish","hentry"],"blocksy_meta":{"vertical_spacing_source":"custom","content_area_spacing":"top","styles_descriptor":{"styles":{"desktop":"","tablet":"","mobile":""},"google_fonts":[],"version":6}},"_links":{"self":[{"href":"https:\/\/www.chinatoolingsolutions.com\/es\/wp-json\/wp\/v2\/pages\/1597","targetHints":{"allow":["GET"]}}],"collection":[{"href":"https:\/\/www.chinatoolingsolutions.com\/es\/wp-json\/wp\/v2\/pages"}],"about":[{"href":"https:\/\/www.chinatoolingsolutions.com\/es\/wp-json\/wp\/v2\/types\/page"}],"author":[{"embeddable":true,"href":"https:\/\/www.chinatoolingsolutions.com\/es\/wp-json\/wp\/v2\/users\/1"}],"replies":[{"embeddable":true,"href":"https:\/\/www.chinatoolingsolutions.com\/es\/wp-json\/wp\/v2\/comments?post=1597"}],"version-history":[{"count":11,"href":"https:\/\/www.chinatoolingsolutions.com\/es\/wp-json\/wp\/v2\/pages\/1597\/revisions"}],"predecessor-version":[{"id":2137,"href":"https:\/\/www.chinatoolingsolutions.com\/es\/wp-json\/wp\/v2\/pages\/1597\/revisions\/2137"}],"wp:attachment":[{"href":"https:\/\/www.chinatoolingsolutions.com\/es\/wp-json\/wp\/v2\/media?parent=1597"}],"curies":[{"name":"wp","href":"https:\/\/api.w.org\/{rel}","templated":true}]}}