{"id":991,"date":"2022-06-10T08:40:32","date_gmt":"2022-06-10T08:40:32","guid":{"rendered":"https:\/\/startersites.io\/elementor\/persona\/?page_id=991"},"modified":"2025-12-13T15:04:45","modified_gmt":"2025-12-13T07:04:45","slug":"alliance-introduction","status":"publish","type":"page","link":"https:\/\/www.chinatoolingsolutions.com\/de\/","title":{"rendered":"Allianz Einf\u00fchrung"},"content":{"rendered":"<p>Hallo, wir sind<\/p>\n<h2>China Tooling-L\u00f6sungen<\/h2>\n<p>Werkzeugl\u00f6sungen f\u00fcr die Automobilherstellung aus einer Hand<\/p>\n<p>CTS - Allianz der f\u00fchrenden chinesischen Werkzeughersteller<\/p>\n<p>\t\t\t\t\t\t\t\t\t\t\t\t\t\t\t<img fetchpriority=\"high\" decoding=\"async\" width=\"1014\" height=\"1012\" src=\"https:\/\/www.chinatoolingsolutions.com\/wp-content\/uploads\/2025\/04\/\u5fae\u4fe1\u622a\u56fe_20250409212816.jpg\" alt=\"\" srcset=\"https:\/\/www.chinatoolingsolutions.com\/wp-content\/uploads\/2025\/04\/\u5fae\u4fe1\u622a\u56fe_20250409212816.jpg 1014w, https:\/\/www.chinatoolingsolutions.com\/wp-content\/uploads\/2025\/04\/\u5fae\u4fe1\u622a\u56fe_20250409212816-300x300.jpg 300w, https:\/\/www.chinatoolingsolutions.com\/wp-content\/uploads\/2025\/04\/\u5fae\u4fe1\u622a\u56fe_20250409212816-150x150.jpg 150w, https:\/\/www.chinatoolingsolutions.com\/wp-content\/uploads\/2025\/04\/\u5fae\u4fe1\u622a\u56fe_20250409212816-768x766.jpg 768w\" sizes=\"(max-width: 1014px) 100vw, 1014px\" \/>\t\t\t\t\t\t\t\t\t\t\t\t\t\t\t<\/p>\n<h2>ALLIANZPOSITION<\/h2>\n<p>China Tooling Solutions (CTS) ist eine f\u00fchrende Allianz f\u00fcr die Herstellung von Automobilwerkzeugen aus einer Hand. Unser Gesch\u00e4ft deckt den gesamten Prozess der Automobilentwicklung und -herstellung ab, einschlie\u00dflich Prototypen, Stanzen, Schwei\u00dfen, Lackieren und allgemeiner Montage.<\/p>\n<ul>\n<li>Integration von Chinas intelligenten Produktionsressourcen f\u00fcr die globale Automobilindustrie\u3002<\/li>\n<li>F\u00f6rderung der technologischen Innovation und der umweltfreundlichen, nachhaltigen Entwicklung in der Automobilbranche.<\/li>\n<\/ul>\n<h2>Kundennetzwerk in der ganzen Welt<br \/>\n<\/h2>\n<p>\t\t\t\t\t\t\t\t\t\t\t\t\t\t\t<img decoding=\"async\" width=\"1024\" height=\"481\" src=\"https:\/\/www.chinatoolingsolutions.com\/wp-content\/uploads\/2025\/04\/\u56fe\u72472-1-1024x481.jpg\" alt=\"\" srcset=\"https:\/\/www.chinatoolingsolutions.com\/wp-content\/uploads\/2025\/04\/\u56fe\u72472-1-1024x481.jpg 1024w, https:\/\/www.chinatoolingsolutions.com\/wp-content\/uploads\/2025\/04\/\u56fe\u72472-1-300x141.jpg 300w, https:\/\/www.chinatoolingsolutions.com\/wp-content\/uploads\/2025\/04\/\u56fe\u72472-1-768x361.jpg 768w, https:\/\/www.chinatoolingsolutions.com\/wp-content\/uploads\/2025\/04\/\u56fe\u72472-1-1536x722.jpg 1536w, https:\/\/www.chinatoolingsolutions.com\/wp-content\/uploads\/2025\/04\/\u56fe\u72472-1.jpg 1718w\" sizes=\"(max-width: 1024px) 100vw, 1024px\" \/><br \/>\n\t\t\t\t\t\t\t\t\t\t\t\t\t\t\t<img decoding=\"async\" width=\"479\" height=\"280\" src=\"https:\/\/www.chinatoolingsolutions.com\/wp-content\/uploads\/2025\/04\/\u5fae\u4fe1\u622a\u56fe_20250418132717.jpg\" alt=\"\" srcset=\"https:\/\/www.chinatoolingsolutions.com\/wp-content\/uploads\/2025\/04\/\u5fae\u4fe1\u622a\u56fe_20250418132717.jpg 479w, https:\/\/www.chinatoolingsolutions.com\/wp-content\/uploads\/2025\/04\/\u5fae\u4fe1\u622a\u56fe_20250418132717-300x175.jpg 300w\" sizes=\"(max-width: 479px) 100vw, 479px\" \/><br \/>\n\t\t\t\t\t\t\t\t\t\t\t\t\t\t\t<img loading=\"lazy\" decoding=\"async\" width=\"478\" height=\"279\" src=\"https:\/\/www.chinatoolingsolutions.com\/wp-content\/uploads\/2025\/04\/\u5fae\u4fe1\u622a\u56fe_20250418132737.jpg\" alt=\"\" srcset=\"https:\/\/www.chinatoolingsolutions.com\/wp-content\/uploads\/2025\/04\/\u5fae\u4fe1\u622a\u56fe_20250418132737.jpg 478w, https:\/\/www.chinatoolingsolutions.com\/wp-content\/uploads\/2025\/04\/\u5fae\u4fe1\u622a\u56fe_20250418132737-300x175.jpg 300w\" sizes=\"(max-width: 478px) 100vw, 478px\" \/><br \/>\n\t\t\t\t\t\t\t\t\t\t\t\t\t\t\t<img loading=\"lazy\" decoding=\"async\" width=\"478\" height=\"280\" src=\"https:\/\/www.chinatoolingsolutions.com\/wp-content\/uploads\/2025\/04\/\u5fae\u4fe1\u622a\u56fe_20250418132806.jpg\" alt=\"\" srcset=\"https:\/\/www.chinatoolingsolutions.com\/wp-content\/uploads\/2025\/04\/\u5fae\u4fe1\u622a\u56fe_20250418132806.jpg 478w, https:\/\/www.chinatoolingsolutions.com\/wp-content\/uploads\/2025\/04\/\u5fae\u4fe1\u622a\u56fe_20250418132806-300x176.jpg 300w\" sizes=\"(max-width: 478px) 100vw, 478px\" \/>\t\t\t\t\t\t\t\t\t\t\t\t\t\t\t<\/p>\n<h2>Nachrichten<\/h2>\n<div class=\"ct-posts-shortcode\" data-prefix=\"blog\"><div class=\"entries\" data-archive=\"default\" data-layout=\"grid\" data-cards=\"boxed\" data-hover=\"zoom-in\"><article class=\"entry-card card-content post-763 post type-post status-publish format-standard has-post-thumbnail hentry category-uncategorized\" data-reveal=\"bottom:no\"><a class=\"ct-media-container boundless-image has-hover-effect\" href=\"https:\/\/www.chinatoolingsolutions.com\/de\/quisque-iddiam-velquam-elementum-pulvinar\/\" aria-label=\"Was ist BIW?\"><img loading=\"lazy\" decoding=\"async\" width=\"717\" height=\"552\" src=\"https:\/\/www.chinatoolingsolutions.com\/wp-content\/uploads\/2025\/04\/\u56fe\u72478.jpg\" class=\"attachment-medium_large size-medium_large wp-post-image\" alt=\"\" srcset=\"https:\/\/www.chinatoolingsolutions.com\/wp-content\/uploads\/2025\/04\/\u56fe\u72478.jpg 717w, https:\/\/www.chinatoolingsolutions.com\/wp-content\/uploads\/2025\/04\/\u56fe\u72478-300x231.jpg 300w\" sizes=\"auto, (max-width: 717px) 100vw, 717px\" itemprop=\"image\" style=\"aspect-ratio: 1\/1;\" \/><\/a><ul class=\"entry-meta\" data-type=\"simple:slash\" data-id=\"WO_5vt\" ><li class=\"meta-author\" itemprop=\"author\" itemscope=\"\" itemtype=\"https:\/\/schema.org\/Person\"><a class=\"ct-meta-element-author\" href=\"https:\/\/www.chinatoolingsolutions.com\/de\/author\/adminn\/\" title=\"Beitr\u00e4ge von adminn\" rel=\"author\" itemprop=\"url\"><span itemprop=\"name\">adminn<\/span><\/a><\/li><li class=\"meta-date\" itemprop=\"datePublished\"><time class=\"ct-meta-element-date\" datetime=\"2021-06-15T13:23:44+08:00\">15\/06\/2021<\/time><\/li><\/ul><h2 class=\"entry-title\"><a href=\"https:\/\/www.chinatoolingsolutions.com\/de\/quisque-iddiam-velquam-elementum-pulvinar\/\" rel=\"bookmark\">Was ist BIW?<\/a><\/h2><\/article><article class=\"entry-card card-content post-760 post type-post status-publish format-standard has-post-thumbnail hentry category-uncategorized\" data-reveal=\"bottom:no\"><a class=\"ct-media-container boundless-image has-hover-effect\" href=\"https:\/\/www.chinatoolingsolutions.com\/de\/pellentesque-eliteget-gravida-cum-ornare\/\" aria-label=\"Was sind Warmumformwerkzeuge f\u00fcr Kraftfahrzeuge?\"><img loading=\"lazy\" decoding=\"async\" width=\"717\" height=\"552\" src=\"https:\/\/www.chinatoolingsolutions.com\/wp-content\/uploads\/2025\/04\/\u56fe\u72477.jpg\" class=\"attachment-medium_large size-medium_large wp-post-image\" alt=\"\" srcset=\"https:\/\/www.chinatoolingsolutions.com\/wp-content\/uploads\/2025\/04\/\u56fe\u72477.jpg 717w, https:\/\/www.chinatoolingsolutions.com\/wp-content\/uploads\/2025\/04\/\u56fe\u72477-300x231.jpg 300w\" sizes=\"auto, (max-width: 717px) 100vw, 717px\" itemprop=\"image\" style=\"aspect-ratio: 1\/1;\" \/><\/a><ul class=\"entry-meta\" data-type=\"simple:slash\" data-id=\"WO_5vt\" ><li class=\"meta-author\" itemprop=\"author\" itemscope=\"\" itemtype=\"https:\/\/schema.org\/Person\"><a class=\"ct-meta-element-author\" href=\"https:\/\/www.chinatoolingsolutions.com\/de\/author\/adminn\/\" title=\"Beitr\u00e4ge von adminn\" rel=\"author\" itemprop=\"url\"><span itemprop=\"name\">adminn<\/span><\/a><\/li><li class=\"meta-date\" itemprop=\"datePublished\"><time class=\"ct-meta-element-date\" datetime=\"2021-06-15T13:22:05+08:00\">15\/06\/2021<\/time><\/li><\/ul><h2 class=\"entry-title\"><a href=\"https:\/\/www.chinatoolingsolutions.com\/de\/pellentesque-eliteget-gravida-cum-ornare\/\" rel=\"bookmark\">Was sind Warmumformwerkzeuge f\u00fcr Kraftfahrzeuge?<\/a><\/h2><\/article><article class=\"entry-card card-content post-757 post type-post status-publish format-standard has-post-thumbnail hentry category-new\" data-reveal=\"bottom:no\"><a class=\"ct-media-container boundless-image has-hover-effect\" href=\"https:\/\/www.chinatoolingsolutions.com\/de\/quam-vulputate-dignissim-suspendisse-intellus\/\" aria-label=\"Was sind Kfz-Kaltpr\u00e4gestempel?\"><img loading=\"lazy\" decoding=\"async\" width=\"717\" height=\"552\" src=\"https:\/\/www.chinatoolingsolutions.com\/wp-content\/uploads\/2025\/04\/\u56fe\u72476.jpg\" class=\"attachment-medium_large size-medium_large wp-post-image\" alt=\"\" srcset=\"https:\/\/www.chinatoolingsolutions.com\/wp-content\/uploads\/2025\/04\/\u56fe\u72476.jpg 717w, https:\/\/www.chinatoolingsolutions.com\/wp-content\/uploads\/2025\/04\/\u56fe\u72476-300x231.jpg 300w\" sizes=\"auto, (max-width: 717px) 100vw, 717px\" itemprop=\"image\" style=\"aspect-ratio: 1\/1;\" \/><\/a><ul class=\"entry-meta\" data-type=\"simple:slash\" data-id=\"WO_5vt\" ><li class=\"meta-author\" itemprop=\"author\" itemscope=\"\" itemtype=\"https:\/\/schema.org\/Person\"><a class=\"ct-meta-element-author\" href=\"https:\/\/www.chinatoolingsolutions.com\/de\/author\/adminn\/\" title=\"Beitr\u00e4ge von adminn\" rel=\"author\" itemprop=\"url\"><span itemprop=\"name\">adminn<\/span><\/a><\/li><li class=\"meta-date\" itemprop=\"datePublished\"><time class=\"ct-meta-element-date\" datetime=\"2021-06-15T13:15:31+08:00\">15\/06\/2021<\/time><\/li><\/ul><h2 class=\"entry-title\"><a href=\"https:\/\/www.chinatoolingsolutions.com\/de\/quam-vulputate-dignissim-suspendisse-intellus\/\" rel=\"bookmark\">Was sind Kfz-Kaltpr\u00e4gestempel?<\/a><\/h2><\/article><\/div><\/div>","protected":false},"excerpt":{"rendered":"<p>Hallo, wir sind China Tooling Solutions One-stop automotive manufacturing tooling solutions CTS - Alliance of top Chinese tooling suppliers ALLIANCE POSITION China Tooling Solutions (CTS) ist eine f\u00fchrende One-stop automotive tooling alliance. Unser Gesch\u00e4ft deckt den gesamten Prozess der Automobilentwicklung und -herstellung ab, einschlie\u00dflich Prototypen, Stanzen, Schwei\u00dfen, Lackieren und allgemeiner Montage. Durch die Integration von Chinas intelligenter [...]<\/p>","protected":false},"author":1,"featured_media":0,"parent":0,"menu_order":0,"comment_status":"closed","ping_status":"closed","template":"","meta":{"_seopress_robots_primary_cat":"","_seopress_titles_title":"","_seopress_titles_desc":"","_seopress_robots_index":"","footnotes":""},"class_list":["post-991","page","type-page","status-publish","hentry"],"blocksy_meta":{"styles_descriptor":{"styles":{"desktop":"","tablet":"","mobile":""},"google_fonts":[],"version":6},"page_title_panel":"","has_hero_section":"disabled","1f7524ba27561c265e6fd8b7c913ef1d":"","hero_section":"type-1","hero_elements":[{"id":"custom_title","enabled":true,"heading_tag":"h1","title":"Home"},{"id":"custom_description","enabled":true,"description_visibility":{"desktop":true,"tablet":true,"mobile":false}},{"id":"custom_meta","enabled":false,"meta_elements":[{"id":"author","enabled":true,"label":"By","has_author_avatar":"yes","avatar_size":25},{"id":"post_date","enabled":true,"label":"On","date_format_source":"default","date_format":"M j, Y"},{"id":"updated_date","enabled":false,"label":"On","date_format_source":"default","date_format":"M j, Y"},{"id":"categories","enabled":false,"label":"In","style":"simple"},{"id":"comments","enabled":true}],"page_meta_elements":{"joined":true,"articles_count":true,"comments":true}},{"id":"breadcrumbs","enabled":false}],"a99e0e6d2427999ed1fbee2cfb893458":"","hero_alignment1":"CT_CSS_SKIP_RULE","hero_margin":40,"hero_alignment2":"center","hero_vertical_alignment":"center","2fc489c98e1363321479953fa4b8cd68":"","hero_structure":"narrow","938576fa561f9aeaa8b7f4787fffda34":"","page_title_bg_type":"featured_image","custom_hero_background":{"attachment_id":null},"page_title_image_size":"full","parallax":{"desktop":false,"tablet":false,"mobile":false},"130da00d72d5a31684bc5e3e171fdcec":"","hero_height":"250px","pageTitleFont":{"family":"Default","variation":"Default","size":"30px","line-height":"CT_CSS_SKIP_RULE","letter-spacing":"CT_CSS_SKIP_RULE","text-transform":"CT_CSS_SKIP_RULE","text-decoration":"CT_CSS_SKIP_RULE"},"pageTitleFontColor":{"default":{"color":"CT_CSS_SKIP_RULEDEFAULT"}},"pageMetaFont":{"family":"Default","variation":"n6","size":"12px","line-height":"1.3","letter-spacing":"CT_CSS_SKIP_RULE","text-transform":"uppercase","text-decoration":"CT_CSS_SKIP_RULE"},"pageMetaFontColor":{"default":{"color":"CT_CSS_SKIP_RULEDEFAULT"},"hover":{"color":"CT_CSS_SKIP_RULEDEFAULT"}},"page_meta_button_type_font_colors":{"default":{"color":"CT_CSS_SKIP_RULEDEFAULT"},"hover":{"color":"CT_CSS_SKIP_RULEDEFAULT"}},"page_meta_button_type_background_colors":{"default":{"color":"CT_CSS_SKIP_RULEDEFAULT"},"hover":{"color":"CT_CSS_SKIP_RULEDEFAULT"}},"pageExcerptFont":{"family":"Default","variation":"Default","size":"CT_CSS_SKIP_RULE","line-height":"CT_CSS_SKIP_RULE","letter-spacing":"CT_CSS_SKIP_RULE","text-transform":"CT_CSS_SKIP_RULE","text-decoration":"CT_CSS_SKIP_RULE"},"pageExcerptColor":{"default":{"color":"CT_CSS_SKIP_RULEDEFAULT"}},"breadcrumbsFont":{"family":"Default","variation":"Default","size":"CT_CSS_SKIP_RULE","line-height":"CT_CSS_SKIP_RULE","letter-spacing":"CT_CSS_SKIP_RULE","text-transform":"CT_CSS_SKIP_RULE","text-decoration":"CT_CSS_SKIP_RULE"},"breadcrumbsFontColor":{"default":{"color":"CT_CSS_SKIP_RULEDEFAULT"},"initial":{"color":"CT_CSS_SKIP_RULEDEFAULT"},"hover":{"color":"CT_CSS_SKIP_RULEDEFAULT"}},"pageTitleOverlay":{"background_type":"color","background_pattern":"type-1","background_image":{"attachment_id":null,"x":0,"y":0},"gradient":"linear-gradient(135deg,rgba(6,147,227,1) 0%,rgb(155,81,224) 100%)","background_repeat":"repeat","background_size":"auto","background_attachment":"scroll","patternColor":{"default":{"color":"#e5e7ea"}},"overlayColor":{"default":{"color":"CT_CSS_SKIP_RULE"}},"backgroundColor":{"default":{"color":"CT_CSS_SKIP_RULE"}}},"pageTitleBackground":{"background_type":"color","background_pattern":"type-1","background_image":{"attachment_id":null,"x":0,"y":0},"gradient":"linear-gradient(135deg,rgba(6,147,227,1) 0%,rgb(155,81,224) 100%)","background_repeat":"repeat","background_size":"auto","background_attachment":"scroll","patternColor":{"default":{"color":"#e5e7ea"}},"overlayColor":{"default":{"color":"CT_CSS_SKIP_RULE"}},"backgroundColor":{"default":{"color":"var(--theme-palette-color-6)"}}},"pageTitlePadding":{"top":"50px","bottom":"50px","left":"auto","right":"auto","linked":true},"8bc89b95f936a8ddaf48463530594767":"","page_structure_type":"default","9087b0fa00a0936481b758d6f5d71cbf":"","content_style_source":"inherit","content_style":"wide","vertical_spacing_source":"custom","content_area_spacing":"none","background":{"background_type":"color","background_pattern":"type-1","background_image":{"attachment_id":null,"x":0,"y":0},"gradient":"linear-gradient(135deg,rgba(6,147,227,1) 0%,rgb(155,81,224) 100%)","background_repeat":"repeat","background_size":"auto","background_attachment":"scroll","patternColor":{"default":{"color":"#e5e7ea"}},"overlayColor":{"default":{"color":"CT_CSS_SKIP_RULE"}},"backgroundColor":{"default":{"color":"CT_CSS_SKIP_RULE"}}},"content_background":{"background_type":"color","background_pattern":"type-1","background_image":{"attachment_id":null,"x":0,"y":0},"gradient":"linear-gradient(135deg,rgba(6,147,227,1) 0%,rgb(155,81,224) 100%)","background_repeat":"repeat","background_size":"auto","background_attachment":"scroll","patternColor":{"default":{"color":"#e5e7ea"}},"overlayColor":{"default":{"color":"CT_CSS_SKIP_RULE"}},"backgroundColor":{"default":{"color":"var(--theme-palette-color-8)"}}},"content_boxed_shadow":{"inherit":false,"blur":18,"spread":-6,"v_offset":12,"h_offset":0,"inset":false,"enable":true,"color":{"color":"rgba(34, 56, 101, 0.04)"}},"content_boxed_border":{"width":1,"style":"none","color":{"color":"rgba(44,62,80,0.2)"}},"content_boxed_radius":{"top":"3px","bottom":"3px","left":"3px","right":"3px","linked":true},"boxed_content_spacing":{"desktop":{"top":"40px","bottom":"40px","left":"40px","right":"40px","linked":true},"tablet":{"top":"35px","bottom":"35px","left":"35px","right":"35px","linked":true},"mobile":{"top":"20px","bottom":"20px","left":"20px","right":"20px","linked":true}},"83abb897cbf71723441bd51cfa807ea1":"","disable_featured_image":"no","disable_share_box":"no","disable_header":"no","disable_footer":"no"},"_links":{"self":[{"href":"https:\/\/www.chinatoolingsolutions.com\/de\/wp-json\/wp\/v2\/pages\/991","targetHints":{"allow":["GET"]}}],"collection":[{"href":"https:\/\/www.chinatoolingsolutions.com\/de\/wp-json\/wp\/v2\/pages"}],"about":[{"href":"https:\/\/www.chinatoolingsolutions.com\/de\/wp-json\/wp\/v2\/types\/page"}],"author":[{"embeddable":true,"href":"https:\/\/www.chinatoolingsolutions.com\/de\/wp-json\/wp\/v2\/users\/1"}],"replies":[{"embeddable":true,"href":"https:\/\/www.chinatoolingsolutions.com\/de\/wp-json\/wp\/v2\/comments?post=991"}],"version-history":[{"count":104,"href":"https:\/\/www.chinatoolingsolutions.com\/de\/wp-json\/wp\/v2\/pages\/991\/revisions"}],"predecessor-version":[{"id":2130,"href":"https:\/\/www.chinatoolingsolutions.com\/de\/wp-json\/wp\/v2\/pages\/991\/revisions\/2130"}],"wp:attachment":[{"href":"https:\/\/www.chinatoolingsolutions.com\/de\/wp-json\/wp\/v2\/media?parent=991"}],"curies":[{"name":"wp","href":"https:\/\/api.w.org\/{rel}","templated":true}]}}