{"id":835,"date":"2022-06-09T17:18:39","date_gmt":"2022-06-09T17:18:39","guid":{"rendered":"https:\/\/startersites.io\/elementor\/persona\/?page_id=835"},"modified":"2025-05-14T15:55:27","modified_gmt":"2025-05-14T07:55:27","slug":"global-network","status":"publish","type":"page","link":"https:\/\/www.chinatoolingsolutions.com\/de\/global-network\/","title":{"rendered":"Globales Netzwerk"},"content":{"rendered":"<div data-elementor-type=\"wp-page\" data-elementor-id=\"835\" class=\"elementor elementor-835\" data-elementor-post-type=\"page\">\n\t\t\t\t<div class=\"elementor-element elementor-element-a408810 e-flex e-con-boxed e-con e-parent\" data-id=\"a408810\" data-element_type=\"container\">\n\t\t\t\t\t<div class=\"e-con-inner\">\n\t\t\t\t<div class=\"elementor-element elementor-element-4a04d43 elementor-widget elementor-widget-image\" data-id=\"4a04d43\" data-element_type=\"widget\" data-widget_type=\"image.default\">\n\t\t\t\t<div class=\"elementor-widget-container\">\n\t\t\t\t\t\t\t\t\t\t\t\t\t\t\t<img alt=\"\" fetchpriority=\"high\" decoding=\"async\" width=\"1024\" height=\"576\" src=\"https:\/\/www.chinatoolingsolutions.com\/wp-content\/uploads\/2025\/05\/92-1024x576.png\" class=\"attachment-large size-large wp-image-2081\" srcset=\"https:\/\/www.chinatoolingsolutions.com\/wp-content\/uploads\/2025\/05\/92-1024x576.png 1024w, https:\/\/www.chinatoolingsolutions.com\/wp-content\/uploads\/2025\/05\/92-300x169.png 300w, https:\/\/www.chinatoolingsolutions.com\/wp-content\/uploads\/2025\/05\/92-768x432.png 768w, https:\/\/www.chinatoolingsolutions.com\/wp-content\/uploads\/2025\/05\/92-1536x864.png 1536w, https:\/\/www.chinatoolingsolutions.com\/wp-content\/uploads\/2025\/05\/92-18x10.png 18w, https:\/\/www.chinatoolingsolutions.com\/wp-content\/uploads\/2025\/05\/92.png 1920w\" sizes=\"(max-width: 1024px) 100vw, 1024px\" \/>\t\t\t\t\t\t\t\t\t\t\t\t\t\t\t<\/div>\n\t\t\t\t<\/div>\n\t\t\t\t<div class=\"elementor-element elementor-element-03651ff ct-advanced-heading elementor-widget elementor-widget-heading\" data-id=\"03651ff\" data-element_type=\"widget\" data-widget_type=\"heading.default\">\n\t\t\t\t<div class=\"elementor-widget-container\">\n\t\t\t\t\t<h2 class=\"elementor-heading-title elementor-size-default\">Allianz-Vorteil<\/h2>\t\t\t\t<\/div>\n\t\t\t\t<\/div>\n\t\t\t\t<div class=\"elementor-element elementor-element-246a16c elementor-widget__width-initial elementor-widget elementor-widget-text-editor\" data-id=\"246a16c\" data-element_type=\"widget\" data-widget_type=\"text-editor.default\">\n\t\t\t\t<div class=\"elementor-widget-container\">\n\t\t\t\t\t\t\t\t\t<p>Um den globalen Markt besser zu erschlie\u00dfen, hat die Allianz regionale Repr\u00e4sentanzen in Europa und Amerika, dem Nahen Osten und Zentralasien, S\u00fcdostasien und S\u00fcdamerika eingerichtet. Sie unterst\u00fctzen die Mitgliedsunternehmen bei der Erkundung lokaler M\u00e4rkte, f\u00f6rdern das enge Andocken an die lokale Automobilindustrie, erfassen die lokalen Markttrends und bieten Projektmanagement und Kundendienst f\u00fcr die Mitgliedsunternehmen.<\/p>\t\t\t\t\t\t\t\t<\/div>\n\t\t\t\t<\/div>\n\t\t<div class=\"elementor-element elementor-element-b8353b7 e-con-full e-flex e-con e-child\" data-id=\"b8353b7\" data-element_type=\"container\">\n\t\t<div class=\"elementor-element elementor-element-4537024 e-con-full e-flex e-con e-child\" data-id=\"4537024\" data-element_type=\"container\">\n\t\t<div class=\"elementor-element elementor-element-4553efd e-con-full e-flex e-con e-child\" data-id=\"4553efd\" data-element_type=\"container\">\n\t\t\t\t<div class=\"elementor-element elementor-element-c740e5c elementor-widget elementor-widget-text-editor\" data-id=\"c740e5c\" data-element_type=\"widget\" data-widget_type=\"text-editor.default\">\n\t\t\t\t<div class=\"elementor-widget-container\">\n\t\t\t\t\t\t\t\t\t<p>Technische Lokalisierung<br \/>Beratung und schnelle Reaktion<\/p>\t\t\t\t\t\t\t\t<\/div>\n\t\t\t\t<\/div>\n\t\t\t\t<div class=\"elementor-element elementor-element-d8266ae elementor-widget-divider--view-line elementor-widget elementor-widget-divider\" data-id=\"d8266ae\" data-element_type=\"widget\" data-widget_type=\"divider.default\">\n\t\t\t\t<div class=\"elementor-widget-container\">\n\t\t\t\t\t\t\t<div class=\"elementor-divider\">\n\t\t\t<span class=\"elementor-divider-separator\">\n\t\t\t\t\t\t<\/span>\n\t\t<\/div>\n\t\t\t\t\t\t<\/div>\n\t\t\t\t<\/div>\n\t\t\t\t<div class=\"elementor-element elementor-element-899cb4a elementor-widget elementor-widget-text-editor\" data-id=\"899cb4a\" data-element_type=\"widget\" data-widget_type=\"text-editor.default\">\n\t\t\t\t<div class=\"elementor-widget-container\">\n\t\t\t\t\t\t\t\t\t<ul><li>Technische Beratung bei der Lokalisierung, die sich auf ein professionelles technisches Team vor Ort st\u00fctzt, das sich eng an die regionalen industriellen Gegebenheiten anpasst, ma\u00dfgeschneiderte L\u00f6sungen f\u00fcr Kunden. <\/li><li>Im Rahmen des Rapid-Response-Mechanismus werden bei Auftreten von Kundenbed\u00fcrfnissen oder -problemen rasch Ressourcen zugewiesen, die sich sofort an Ort und Stelle begeben, um die Probleme effizient zu l\u00f6sen.<\/li><\/ul>\t\t\t\t\t\t\t\t<\/div>\n\t\t\t\t<\/div>\n\t\t\t\t<\/div>\n\t\t<div class=\"elementor-element elementor-element-6443ff1 e-con-full e-flex e-con e-child\" data-id=\"6443ff1\" data-element_type=\"container\">\n\t\t\t\t<div class=\"elementor-element elementor-element-8c860ca elementor-widget elementor-widget-image\" data-id=\"8c860ca\" data-element_type=\"widget\" data-widget_type=\"image.default\">\n\t\t\t\t<div class=\"elementor-widget-container\">\n\t\t\t\t\t\t\t\t\t\t\t\t\t\t\t<img alt=\"\" decoding=\"async\" width=\"521\" height=\"721\" src=\"https:\/\/www.chinatoolingsolutions.com\/wp-content\/uploads\/2025\/04\/\u56fe\u72471-1.jpg\" class=\"attachment-large size-large wp-image-1640\" srcset=\"https:\/\/www.chinatoolingsolutions.com\/wp-content\/uploads\/2025\/04\/\u56fe\u72471-1.jpg 521w, https:\/\/www.chinatoolingsolutions.com\/wp-content\/uploads\/2025\/04\/\u56fe\u72471-1-217x300.jpg 217w\" sizes=\"(max-width: 521px) 100vw, 521px\" \/>\t\t\t\t\t\t\t\t\t\t\t\t\t\t\t<\/div>\n\t\t\t\t<\/div>\n\t\t\t\t<\/div>\n\t\t\t\t<\/div>\n\t\t<div class=\"elementor-element elementor-element-297a4f2 e-con-full e-flex e-con e-child\" data-id=\"297a4f2\" data-element_type=\"container\">\n\t\t<div class=\"elementor-element elementor-element-49a6659 e-con-full e-flex e-con e-child\" data-id=\"49a6659\" data-element_type=\"container\">\n\t\t\t\t<div class=\"elementor-element elementor-element-699b8c1 elementor-widget elementor-widget-text-editor\" data-id=\"699b8c1\" data-element_type=\"widget\" data-widget_type=\"text-editor.default\">\n\t\t\t\t<div class=\"elementor-widget-container\">\n\t\t\t\t\t\t\t\t\t<p>Wartung nach dem Verkauf <br \/>Unterst\u00fctzung mit Ersatzteilen<\/p>\t\t\t\t\t\t\t\t<\/div>\n\t\t\t\t<\/div>\n\t\t\t\t<div class=\"elementor-element elementor-element-200a1a0 elementor-widget-divider--view-line elementor-widget elementor-widget-divider\" data-id=\"200a1a0\" data-element_type=\"widget\" data-widget_type=\"divider.default\">\n\t\t\t\t<div class=\"elementor-widget-container\">\n\t\t\t\t\t\t\t<div class=\"elementor-divider\">\n\t\t\t<span class=\"elementor-divider-separator\">\n\t\t\t\t\t\t<\/span>\n\t\t<\/div>\n\t\t\t\t\t\t<\/div>\n\t\t\t\t<\/div>\n\t\t\t\t<div class=\"elementor-element elementor-element-68a8f04 elementor-widget elementor-widget-text-editor\" data-id=\"68a8f04\" data-element_type=\"widget\" data-widget_type=\"text-editor.default\">\n\t\t\t\t<div class=\"elementor-widget-container\">\n\t\t\t\t\t\t\t\t\t<ul><li>Was die Wartung nach dem Verkauf betrifft, so haben wir ein professionelles und effizientes Kundendienstteam aufgebaut, das stets auf die Kundenerfahrung achtet und sich verpflichtet, alle Arten von Kundendienstsituationen rechtzeitig zu bearbeiten. <\/li><li>Unterst\u00fctzung bei der Ersatzteilversorgung, Aufbau eines kompletten Systems, Optimierung der Lieferkette und vollst\u00e4ndige Gew\u00e4hrleistung der rechtzeitigen und stabilen Ersatzteilversorgung. <\/li><\/ul>\t\t\t\t\t\t\t\t<\/div>\n\t\t\t\t<\/div>\n\t\t\t\t<\/div>\n\t\t<div class=\"elementor-element elementor-element-ed7eb34 e-con-full e-flex e-con e-child\" data-id=\"ed7eb34\" data-element_type=\"container\">\n\t\t\t\t<div class=\"elementor-element elementor-element-86505e0 elementor-widget elementor-widget-image\" data-id=\"86505e0\" data-element_type=\"widget\" data-widget_type=\"image.default\">\n\t\t\t\t<div class=\"elementor-widget-container\">\n\t\t\t\t\t\t\t\t\t\t\t\t\t\t\t<img alt=\"\" decoding=\"async\" width=\"521\" height=\"721\" src=\"https:\/\/www.chinatoolingsolutions.com\/wp-content\/uploads\/2025\/04\/\u56fe\u72472.jpg\" class=\"attachment-large size-large wp-image-1641\" srcset=\"https:\/\/www.chinatoolingsolutions.com\/wp-content\/uploads\/2025\/04\/\u56fe\u72472.jpg 521w, https:\/\/www.chinatoolingsolutions.com\/wp-content\/uploads\/2025\/04\/\u56fe\u72472-217x300.jpg 217w\" sizes=\"(max-width: 521px) 100vw, 521px\" \/>\t\t\t\t\t\t\t\t\t\t\t\t\t\t\t<\/div>\n\t\t\t\t<\/div>\n\t\t\t\t<\/div>\n\t\t\t\t<\/div>\n\t\t\t\t<\/div>\n\t\t\t\t\t<\/div>\n\t\t\t\t<\/div>\n\t\t\t\t<\/div>","protected":false},"excerpt":{"rendered":"<p>Alliance Advantage In order to better deepen the global market, the alliance has set up regional representative offices in Europe and America, the Middle East and Central Asia, Southeast Asia and South America. Assist member enterprises to explore local markets, promote deep docking with local automobile industry, accurately grasp local market trends, and provide project [&hellip;]<\/p>","protected":false},"author":1,"featured_media":0,"parent":0,"menu_order":0,"comment_status":"closed","ping_status":"closed","template":"","meta":{"_seopress_robots_primary_cat":"","_seopress_titles_title":"","_seopress_titles_desc":"","_seopress_robots_index":"","footnotes":""},"class_list":["post-835","page","type-page","status-publish","hentry"],"blocksy_meta":{"styles_descriptor":{"styles":{"desktop":"","tablet":"","mobile":""},"google_fonts":[],"version":6},"vertical_spacing_source":"custom","content_area_spacing":"top"},"_links":{"self":[{"href":"https:\/\/www.chinatoolingsolutions.com\/de\/wp-json\/wp\/v2\/pages\/835","targetHints":{"allow":["GET"]}}],"collection":[{"href":"https:\/\/www.chinatoolingsolutions.com\/de\/wp-json\/wp\/v2\/pages"}],"about":[{"href":"https:\/\/www.chinatoolingsolutions.com\/de\/wp-json\/wp\/v2\/types\/page"}],"author":[{"embeddable":true,"href":"https:\/\/www.chinatoolingsolutions.com\/de\/wp-json\/wp\/v2\/users\/1"}],"replies":[{"embeddable":true,"href":"https:\/\/www.chinatoolingsolutions.com\/de\/wp-json\/wp\/v2\/comments?post=835"}],"version-history":[{"count":28,"href":"https:\/\/www.chinatoolingsolutions.com\/de\/wp-json\/wp\/v2\/pages\/835\/revisions"}],"predecessor-version":[{"id":2136,"href":"https:\/\/www.chinatoolingsolutions.com\/de\/wp-json\/wp\/v2\/pages\/835\/revisions\/2136"}],"wp:attachment":[{"href":"https:\/\/www.chinatoolingsolutions.com\/de\/wp-json\/wp\/v2\/media?parent=835"}],"curies":[{"name":"wp","href":"https:\/\/api.w.org\/{rel}","templated":true}]}}