{"id":1597,"date":"2025-04-10T21:07:11","date_gmt":"2025-04-10T13:07:11","guid":{"rendered":"https:\/\/www.chinatoolingsolutions.com\/?page_id=1597"},"modified":"2025-04-11T21:27:46","modified_gmt":"2025-04-11T13:27:46","slug":"market-strategy","status":"publish","type":"page","link":"https:\/\/www.chinatoolingsolutions.com\/de\/market-strategy\/","title":{"rendered":"Marktstrategie"},"content":{"rendered":"<div data-elementor-type=\"wp-page\" data-elementor-id=\"1597\" class=\"elementor elementor-1597\" data-elementor-post-type=\"page\">\n\t\t\t\t<div class=\"elementor-element elementor-element-12c0952 e-flex e-con-boxed e-con e-child\" data-id=\"12c0952\" data-element_type=\"container\">\n\t\t\t\t\t<div class=\"e-con-inner\">\n\t\t<div class=\"elementor-element elementor-element-310c310 e-con-full e-flex e-con e-child\" data-id=\"310c310\" data-element_type=\"container\">\n\t\t<div class=\"elementor-element elementor-element-0781997 e-con-full e-flex e-con e-child\" data-id=\"0781997\" data-element_type=\"container\">\n\t\t\t\t<div class=\"elementor-element elementor-element-8ca1375 elementor-position-top elementor-widget elementor-widget-image-box\" data-id=\"8ca1375\" data-element_type=\"widget\" data-widget_type=\"image-box.default\">\n\t\t\t\t<div class=\"elementor-widget-container\">\n\t\t\t\t\t<div class=\"elementor-image-box-wrapper\"><figure class=\"elementor-image-box-img\"><img alt=\"\" fetchpriority=\"high\" decoding=\"async\" width=\"717\" height=\"552\" src=\"https:\/\/www.chinatoolingsolutions.com\/wp-content\/uploads\/2025\/04\/\u56fe\u72476.jpg\" class=\"attachment-full size-full wp-image-1674\" srcset=\"https:\/\/www.chinatoolingsolutions.com\/wp-content\/uploads\/2025\/04\/\u56fe\u72476.jpg 717w, https:\/\/www.chinatoolingsolutions.com\/wp-content\/uploads\/2025\/04\/\u56fe\u72476-300x231.jpg 300w\" sizes=\"(max-width: 717px) 100vw, 717px\" \/><\/figure><div class=\"elementor-image-box-content\"><h3 class=\"elementor-image-box-title\">Euro-amerikanischer Raum<\/h3><p class=\"elementor-image-box-description\">Wir konzentrieren uns auf neue Energiekarosserien, Batterietr\u00e4ger und andere Gesch\u00e4ftsbereiche. F\u00f6rderung der Einf\u00fchrung von China Solutionss f\u00fcr die Herstellung von Werkzeugen f\u00fcr neue Energiefahrzeuge in der Region.\n<\/p><\/div><\/div>\t\t\t\t<\/div>\n\t\t\t\t<\/div>\n\t\t\t\t<\/div>\n\t\t\t\t<\/div>\n\t\t<div class=\"elementor-element elementor-element-ca4ca41 e-con-full e-flex e-con e-child\" data-id=\"ca4ca41\" data-element_type=\"container\">\n\t\t<div class=\"elementor-element elementor-element-f428ffc e-con-full e-flex e-con e-child\" data-id=\"f428ffc\" data-element_type=\"container\">\n\t\t\t\t<div class=\"elementor-element elementor-element-7fb536c elementor-position-top elementor-widget elementor-widget-image-box\" data-id=\"7fb536c\" data-element_type=\"widget\" data-widget_type=\"image-box.default\">\n\t\t\t\t<div class=\"elementor-widget-container\">\n\t\t\t\t\t<div class=\"elementor-image-box-wrapper\"><figure class=\"elementor-image-box-img\"><img alt=\"\" decoding=\"async\" width=\"717\" height=\"552\" src=\"https:\/\/www.chinatoolingsolutions.com\/wp-content\/uploads\/2025\/04\/\u56fe\u72477.jpg\" class=\"attachment-full size-full wp-image-1675\" srcset=\"https:\/\/www.chinatoolingsolutions.com\/wp-content\/uploads\/2025\/04\/\u56fe\u72477.jpg 717w, https:\/\/www.chinatoolingsolutions.com\/wp-content\/uploads\/2025\/04\/\u56fe\u72477-300x231.jpg 300w\" sizes=\"(max-width: 717px) 100vw, 717px\" \/><\/figure><div class=\"elementor-image-box-content\"><h3 class=\"elementor-image-box-title\">Naher Osten und Zentralasien<\/h3><p class=\"elementor-image-box-description\">Wir konzentrieren uns auf das Gesch\u00e4ft mit Personenkraftwagen und Nutzfahrzeugen, untersuchen eingehend die Anwendung neuer Materialien und die Prozessoptimierung und bieten China-L\u00f6sungen an.\n<\/p><\/div><\/div>\t\t\t\t<\/div>\n\t\t\t\t<\/div>\n\t\t\t\t<\/div>\n\t\t\t\t<\/div>\n\t\t<div class=\"elementor-element elementor-element-7633446 e-con-full e-flex e-con e-child\" data-id=\"7633446\" data-element_type=\"container\">\n\t\t<div class=\"elementor-element elementor-element-99a1e5a e-con-full e-flex e-con e-child\" data-id=\"99a1e5a\" data-element_type=\"container\">\n\t\t\t\t<div class=\"elementor-element elementor-element-1b8d75e elementor-position-top elementor-widget elementor-widget-image-box\" data-id=\"1b8d75e\" data-element_type=\"widget\" data-widget_type=\"image-box.default\">\n\t\t\t\t<div class=\"elementor-widget-container\">\n\t\t\t\t\t<div class=\"elementor-image-box-wrapper\"><figure class=\"elementor-image-box-img\"><img alt=\"\" decoding=\"async\" width=\"717\" height=\"552\" src=\"https:\/\/www.chinatoolingsolutions.com\/wp-content\/uploads\/2025\/04\/\u56fe\u72478.jpg\" class=\"attachment-full size-full wp-image-1676\" srcset=\"https:\/\/www.chinatoolingsolutions.com\/wp-content\/uploads\/2025\/04\/\u56fe\u72478.jpg 717w, https:\/\/www.chinatoolingsolutions.com\/wp-content\/uploads\/2025\/04\/\u56fe\u72478-300x231.jpg 300w\" sizes=\"(max-width: 717px) 100vw, 717px\" \/><\/figure><div class=\"elementor-image-box-content\"><h3 class=\"elementor-image-box-title\">S\u00fcdostasien<\/h3><p class=\"elementor-image-box-description\">Konzentrieren Sie sich auf das kosteng\u00fcnstige Automatisierungssystem f\u00fcr Kraftstoff- und Elektrofahrzeuge, analysieren Sie den Produktionsprozess eingehend, integrieren Sie Spitzentechnologien und unternehmen Sie alle Anstrengungen, um ein industrielles, kosteng\u00fcnstiges und hocheffizientes Werkzeugsystem zu schaffen, von der Auswahl der Ausr\u00fcstung bis zur Systemintegration.\n<\/p><\/div><\/div>\t\t\t\t<\/div>\n\t\t\t\t<\/div>\n\t\t\t\t<\/div>\n\t\t\t\t<\/div>\n\t\t\t\t\t<\/div>\n\t\t\t\t<\/div>\n\t\t\t\t<\/div>","protected":false},"excerpt":{"rendered":"<p>Euro-American area We focus on new energy body, battery tray and other businesses. To promote the adoption of China Solutionss for new energy vehicle tooling in the region. Middle East and Central Asia Focus on the business of passenger cars and commercial vehicles, deeply study the application of new materials and process optimization, and provide [&hellip;]<\/p>","protected":false},"author":1,"featured_media":0,"parent":0,"menu_order":0,"comment_status":"closed","ping_status":"closed","template":"","meta":{"_seopress_robots_primary_cat":"","_seopress_titles_title":"","_seopress_titles_desc":"","_seopress_robots_index":"","footnotes":""},"class_list":["post-1597","page","type-page","status-publish","hentry"],"blocksy_meta":{"vertical_spacing_source":"custom","content_area_spacing":"top","styles_descriptor":{"styles":{"desktop":"","tablet":"","mobile":""},"google_fonts":[],"version":6}},"_links":{"self":[{"href":"https:\/\/www.chinatoolingsolutions.com\/de\/wp-json\/wp\/v2\/pages\/1597","targetHints":{"allow":["GET"]}}],"collection":[{"href":"https:\/\/www.chinatoolingsolutions.com\/de\/wp-json\/wp\/v2\/pages"}],"about":[{"href":"https:\/\/www.chinatoolingsolutions.com\/de\/wp-json\/wp\/v2\/types\/page"}],"author":[{"embeddable":true,"href":"https:\/\/www.chinatoolingsolutions.com\/de\/wp-json\/wp\/v2\/users\/1"}],"replies":[{"embeddable":true,"href":"https:\/\/www.chinatoolingsolutions.com\/de\/wp-json\/wp\/v2\/comments?post=1597"}],"version-history":[{"count":11,"href":"https:\/\/www.chinatoolingsolutions.com\/de\/wp-json\/wp\/v2\/pages\/1597\/revisions"}],"predecessor-version":[{"id":2137,"href":"https:\/\/www.chinatoolingsolutions.com\/de\/wp-json\/wp\/v2\/pages\/1597\/revisions\/2137"}],"wp:attachment":[{"href":"https:\/\/www.chinatoolingsolutions.com\/de\/wp-json\/wp\/v2\/media?parent=1597"}],"curies":[{"name":"wp","href":"https:\/\/api.w.org\/{rel}","templated":true}]}}